{"id":3530,"date":"2022-05-24T13:49:35","date_gmt":"2022-05-24T10:49:35","guid":{"rendered":"http:\/\/irtu.com.tr\/?post_type=product&#038;p=3530"},"modified":"2022-06-10T15:26:37","modified_gmt":"2022-06-10T12:26:37","slug":"220-12-volt-led-aydinlatma","status":"publish","type":"product","link":"https:\/\/irtugroup.com.tr\/en\/product\/220-12-volt-led-aydinlatma\/","title":{"rendered":"220 \/ 12 Voltage Led Panel Lighting"},"content":{"rendered":"<p><img loading=\"lazy\" decoding=\"async\" class=\"alignnone wp-image-3532\" src=\"http:\/\/irtu.com.tr\/wp-content\/uploads\/2022\/06\/Screenshot_41.png\" alt=\"\" width=\"1196\" height=\"415\" srcset=\"\" sizes=\"auto, (max-width: 1196px) 100vw, 1196px\" data-srcset=\"\" \/><\/p>","protected":false},"excerpt":{"rendered":"\u2022 Al\u00fcminyum G\u00f6vde\r\n\r\n\u2022 Plastik Ge\u00e7me Ayaklarla Kolay Montaj\r\n\r\n\u2022 De\u011fi\u015fken \u00d6l\u00e7\u00fclerde ve Voltajlarda \u00dcretim \u0130mkan\u0131\r\n\r\n\u2022 Ayd\u0131nlatma Led Tipi ve Farkl\u0131 Renk Se\u00e7enekleri\r\n(Beyaz, G\u00fcn\u0131\u015f\u0131\u011f\u0131, K\u0131rm\u0131z\u0131, Ye\u015fil, Mavi)","protected":false},"featured_media":3627,"template":"","meta":[],"product_cat":[15,200,201],"product_tag":[],"class_list":["post-3530","product","type-product","status-publish","has-post-thumbnail","hentry","product_cat-tum-urunler","product_cat-led-aydinlatma","product_cat-standart-led-aydinlatma"],"yoast_head":"<!-- This site is optimized with the Yoast SEO plugin v20.8 - https:\/\/yoast.com\/wordpress\/plugins\/seo\/ -->\n<title>220 \/ 12 Volt Led Ayd\u0131nlatma - Irtu Group<\/title>\n<meta name=\"robots\" content=\"index, follow, max-snippet:-1, max-image-preview:large, max-video-preview:-1\" \/>\n<link rel=\"canonical\" href=\"https:\/\/irtugroup.com.tr\/en\/product\/220-12-volt-led-aydinlatma\/\" \/>\n<script type=\"application\/ld+json\" class=\"yoast-schema-graph\">{\"@context\":\"https:\/\/schema.org\",\"@graph\":[{\"@type\":\"WebPage\",\"@id\":\"https:\/\/irtugroup.com.tr\/product\/220-12-volt-led-aydinlatma\/\",\"url\":\"https:\/\/irtugroup.com.tr\/product\/220-12-volt-led-aydinlatma\/\",\"name\":\"220 \/ 12 Volt Led Ayd\u0131nlatma - Irtu Group\",\"isPartOf\":{\"@id\":\"https:\/\/irtugroup.com.tr\/#website\"},\"datePublished\":\"2022-05-24T10:49:35+00:00\",\"dateModified\":\"2022-06-10T12:26:37+00:00\",\"breadcrumb\":{\"@id\":\"https:\/\/irtugroup.com.tr\/product\/220-12-volt-led-aydinlatma\/#breadcrumb\"},\"inLanguage\":\"en-US\",\"potentialAction\":[{\"@type\":\"ReadAction\",\"target\":[\"https:\/\/irtugroup.com.tr\/product\/220-12-volt-led-aydinlatma\/\"]}]},{\"@type\":\"BreadcrumbList\",\"@id\":\"https:\/\/irtugroup.com.tr\/product\/220-12-volt-led-aydinlatma\/#breadcrumb\",\"itemListElement\":[{\"@type\":\"ListItem\",\"position\":1,\"name\":\"Anasayfa\",\"item\":\"https:\/\/irtugroup.com.tr\/\"},{\"@type\":\"ListItem\",\"position\":2,\"name\":\"\u00dcr\u00fcnler\",\"item\":\"https:\/\/irtugroup.com.tr\/urunler\/\"},{\"@type\":\"ListItem\",\"position\":3,\"name\":\"220 \/ 12 Volt Led Ayd\u0131nlatma\"}]},{\"@type\":\"WebSite\",\"@id\":\"https:\/\/irtugroup.com.tr\/#website\",\"url\":\"https:\/\/irtugroup.com.tr\/\",\"name\":\"Irtu Group\",\"description\":\"\",\"publisher\":{\"@id\":\"https:\/\/irtugroup.com.tr\/#organization\"},\"potentialAction\":[{\"@type\":\"SearchAction\",\"target\":{\"@type\":\"EntryPoint\",\"urlTemplate\":\"https:\/\/irtugroup.com.tr\/?s={search_term_string}\"},\"query-input\":\"required name=search_term_string\"}],\"inLanguage\":\"en-US\"},{\"@type\":\"Organization\",\"@id\":\"https:\/\/irtugroup.com.tr\/#organization\",\"name\":\"Irtu Group\",\"url\":\"https:\/\/irtugroup.com.tr\/\",\"logo\":{\"@type\":\"ImageObject\",\"inLanguage\":\"en-US\",\"@id\":\"https:\/\/irtugroup.com.tr\/#\/schema\/logo\/image\/\",\"url\":\"https:\/\/irtugroup.com.tr\/wp-content\/uploads\/2022\/03\/irtu-logo.png\",\"contentUrl\":\"https:\/\/irtugroup.com.tr\/wp-content\/uploads\/2022\/03\/irtu-logo.png\",\"width\":512,\"height\":134,\"caption\":\"Irtu Group\"},\"image\":{\"@id\":\"https:\/\/irtugroup.com.tr\/#\/schema\/logo\/image\/\"},\"sameAs\":[\"https:\/\/www.facebook.com\/irtugrup\/\"]}]}<\/script>\n<!-- \/ Yoast SEO plugin. -->","yoast_head_json":{"title":"220 \/ 12 Volt Led Ayd\u0131nlatma - Irtu Group","robots":{"index":"index","follow":"follow","max-snippet":"max-snippet:-1","max-image-preview":"max-image-preview:large","max-video-preview":"max-video-preview:-1"},"canonical":"https:\/\/irtugroup.com.tr\/en\/product\/220-12-volt-led-aydinlatma\/","schema":{"@context":"https:\/\/schema.org","@graph":[{"@type":"WebPage","@id":"https:\/\/irtugroup.com.tr\/product\/220-12-volt-led-aydinlatma\/","url":"https:\/\/irtugroup.com.tr\/product\/220-12-volt-led-aydinlatma\/","name":"220 \/ 12 Volt Led Ayd\u0131nlatma - Irtu Group","isPartOf":{"@id":"https:\/\/irtugroup.com.tr\/#website"},"datePublished":"2022-05-24T10:49:35+00:00","dateModified":"2022-06-10T12:26:37+00:00","breadcrumb":{"@id":"https:\/\/irtugroup.com.tr\/product\/220-12-volt-led-aydinlatma\/#breadcrumb"},"inLanguage":"en-US","potentialAction":[{"@type":"ReadAction","target":["https:\/\/irtugroup.com.tr\/product\/220-12-volt-led-aydinlatma\/"]}]},{"@type":"BreadcrumbList","@id":"https:\/\/irtugroup.com.tr\/product\/220-12-volt-led-aydinlatma\/#breadcrumb","itemListElement":[{"@type":"ListItem","position":1,"name":"Anasayfa","item":"https:\/\/irtugroup.com.tr\/"},{"@type":"ListItem","position":2,"name":"\u00dcr\u00fcnler","item":"https:\/\/irtugroup.com.tr\/urunler\/"},{"@type":"ListItem","position":3,"name":"220 \/ 12 Volt Led Ayd\u0131nlatma"}]},{"@type":"WebSite","@id":"https:\/\/irtugroup.com.tr\/#website","url":"https:\/\/irtugroup.com.tr\/","name":"Irtu Group","description":"","publisher":{"@id":"https:\/\/irtugroup.com.tr\/#organization"},"potentialAction":[{"@type":"SearchAction","target":{"@type":"EntryPoint","urlTemplate":"https:\/\/irtugroup.com.tr\/?s={search_term_string}"},"query-input":"required name=search_term_string"}],"inLanguage":"en-US"},{"@type":"Organization","@id":"https:\/\/irtugroup.com.tr\/#organization","name":"Irtu Group","url":"https:\/\/irtugroup.com.tr\/","logo":{"@type":"ImageObject","inLanguage":"en-US","@id":"https:\/\/irtugroup.com.tr\/#\/schema\/logo\/image\/","url":"https:\/\/irtugroup.com.tr\/wp-content\/uploads\/2022\/03\/irtu-logo.png","contentUrl":"https:\/\/irtugroup.com.tr\/wp-content\/uploads\/2022\/03\/irtu-logo.png","width":512,"height":134,"caption":"Irtu Group"},"image":{"@id":"https:\/\/irtugroup.com.tr\/#\/schema\/logo\/image\/"},"sameAs":["https:\/\/www.facebook.com\/irtugrup\/"]}]}},"_links":{"self":[{"href":"https:\/\/irtugroup.com.tr\/en\/wp-json\/wp\/v2\/product\/3530","targetHints":{"allow":["GET"]}}],"collection":[{"href":"https:\/\/irtugroup.com.tr\/en\/wp-json\/wp\/v2\/product"}],"about":[{"href":"https:\/\/irtugroup.com.tr\/en\/wp-json\/wp\/v2\/types\/product"}],"wp:featuredmedia":[{"embeddable":true,"href":"https:\/\/irtugroup.com.tr\/en\/wp-json\/wp\/v2\/media\/3627"}],"wp:attachment":[{"href":"https:\/\/irtugroup.com.tr\/en\/wp-json\/wp\/v2\/media?parent=3530"}],"wp:term":[{"taxonomy":"product_cat","embeddable":true,"href":"https:\/\/irtugroup.com.tr\/en\/wp-json\/wp\/v2\/product_cat?post=3530"},{"taxonomy":"product_tag","embeddable":true,"href":"https:\/\/irtugroup.com.tr\/en\/wp-json\/wp\/v2\/product_tag?post=3530"}],"curies":[{"name":"wp","href":"https:\/\/api.w.org\/{rel}","templated":true}]}}