{"id":3075,"date":"2022-05-23T04:11:49","date_gmt":"2022-05-23T01:11:49","guid":{"rendered":"http:\/\/irtu.com.tr\/?post_type=product&#038;p=3075"},"modified":"2022-05-23T04:11:50","modified_gmt":"2022-05-23T01:11:50","slug":"200a-4-kutuplu-dagitim-unitesi-3x30-mm-bakir","status":"publish","type":"product","link":"https:\/\/irtugroup.com.tr\/en\/product\/200a-4-kutuplu-dagitim-unitesi-3x30-mm-bakir\/","title":{"rendered":"200A 4 Poles Distribution Unit (3x30 mm Copper)"},"content":{"rendered":"<p><img loading=\"lazy\" decoding=\"async\" class=\"alignnone wp-image-3077\" src=\"http:\/\/irtu.com.tr\/wp-content\/uploads\/2022\/06\/Screenshot_97.png\" alt=\"\" width=\"1196\" height=\"352\" srcset=\"\" sizes=\"auto, (max-width: 1196px) 100vw, 1196px\" data-srcset=\"\" \/><\/p>","protected":false},"excerpt":{"rendered":"","protected":false},"featured_media":3076,"template":"","meta":[],"product_cat":[15,180,184],"product_tag":[],"class_list":["post-3075","product","type-product","status-publish","has-post-thumbnail","hentry","product_cat-tum-urunler","product_cat-dagitim-uniteleri","product_cat-200a-250a-dagitici-uniteler"],"yoast_head":"<!-- This site is optimized with the Yoast SEO plugin v20.8 - https:\/\/yoast.com\/wordpress\/plugins\/seo\/ -->\n<title>200A 4 Kutuplu Da\u011f\u0131t\u0131m \u00dcnitesi (3x30 mm Bak\u0131r) - Irtu Group<\/title>\n<meta name=\"robots\" content=\"index, follow, max-snippet:-1, max-image-preview:large, max-video-preview:-1\" \/>\n<link rel=\"canonical\" href=\"https:\/\/irtugroup.com.tr\/en\/product\/200a-4-kutuplu-dagitim-unitesi-3x30-mm-bakir\/\" \/>\n<script type=\"application\/ld+json\" class=\"yoast-schema-graph\">{\"@context\":\"https:\/\/schema.org\",\"@graph\":[{\"@type\":\"WebPage\",\"@id\":\"https:\/\/irtugroup.com.tr\/product\/200a-4-kutuplu-dagitim-unitesi-3x30-mm-bakir\/\",\"url\":\"https:\/\/irtugroup.com.tr\/product\/200a-4-kutuplu-dagitim-unitesi-3x30-mm-bakir\/\",\"name\":\"200A 4 Kutuplu Da\u011f\u0131t\u0131m \u00dcnitesi (3x30 mm Bak\u0131r) - Irtu Group\",\"isPartOf\":{\"@id\":\"https:\/\/irtugroup.com.tr\/#website\"},\"datePublished\":\"2022-05-23T01:11:49+00:00\",\"dateModified\":\"2022-05-23T01:11:50+00:00\",\"breadcrumb\":{\"@id\":\"https:\/\/irtugroup.com.tr\/product\/200a-4-kutuplu-dagitim-unitesi-3x30-mm-bakir\/#breadcrumb\"},\"inLanguage\":\"en-US\",\"potentialAction\":[{\"@type\":\"ReadAction\",\"target\":[\"https:\/\/irtugroup.com.tr\/product\/200a-4-kutuplu-dagitim-unitesi-3x30-mm-bakir\/\"]}]},{\"@type\":\"BreadcrumbList\",\"@id\":\"https:\/\/irtugroup.com.tr\/product\/200a-4-kutuplu-dagitim-unitesi-3x30-mm-bakir\/#breadcrumb\",\"itemListElement\":[{\"@type\":\"ListItem\",\"position\":1,\"name\":\"Anasayfa\",\"item\":\"https:\/\/irtugroup.com.tr\/\"},{\"@type\":\"ListItem\",\"position\":2,\"name\":\"\u00dcr\u00fcnler\",\"item\":\"https:\/\/irtugroup.com.tr\/urunler\/\"},{\"@type\":\"ListItem\",\"position\":3,\"name\":\"200A 4 Kutuplu Da\u011f\u0131t\u0131m \u00dcnitesi (3&#215;30 mm Bak\u0131r)\"}]},{\"@type\":\"WebSite\",\"@id\":\"https:\/\/irtugroup.com.tr\/#website\",\"url\":\"https:\/\/irtugroup.com.tr\/\",\"name\":\"Irtu Group\",\"description\":\"\",\"publisher\":{\"@id\":\"https:\/\/irtugroup.com.tr\/#organization\"},\"potentialAction\":[{\"@type\":\"SearchAction\",\"target\":{\"@type\":\"EntryPoint\",\"urlTemplate\":\"https:\/\/irtugroup.com.tr\/?s={search_term_string}\"},\"query-input\":\"required name=search_term_string\"}],\"inLanguage\":\"en-US\"},{\"@type\":\"Organization\",\"@id\":\"https:\/\/irtugroup.com.tr\/#organization\",\"name\":\"Irtu Group\",\"url\":\"https:\/\/irtugroup.com.tr\/\",\"logo\":{\"@type\":\"ImageObject\",\"inLanguage\":\"en-US\",\"@id\":\"https:\/\/irtugroup.com.tr\/#\/schema\/logo\/image\/\",\"url\":\"https:\/\/irtugroup.com.tr\/wp-content\/uploads\/2022\/03\/irtu-logo.png\",\"contentUrl\":\"https:\/\/irtugroup.com.tr\/wp-content\/uploads\/2022\/03\/irtu-logo.png\",\"width\":512,\"height\":134,\"caption\":\"Irtu Group\"},\"image\":{\"@id\":\"https:\/\/irtugroup.com.tr\/#\/schema\/logo\/image\/\"},\"sameAs\":[\"https:\/\/www.facebook.com\/irtugrup\/\"]}]}<\/script>\n<!-- \/ Yoast SEO plugin. -->","yoast_head_json":{"title":"200A 4 Kutuplu Da\u011f\u0131t\u0131m \u00dcnitesi (3x30 mm Bak\u0131r) - Irtu Group","robots":{"index":"index","follow":"follow","max-snippet":"max-snippet:-1","max-image-preview":"max-image-preview:large","max-video-preview":"max-video-preview:-1"},"canonical":"https:\/\/irtugroup.com.tr\/en\/product\/200a-4-kutuplu-dagitim-unitesi-3x30-mm-bakir\/","schema":{"@context":"https:\/\/schema.org","@graph":[{"@type":"WebPage","@id":"https:\/\/irtugroup.com.tr\/product\/200a-4-kutuplu-dagitim-unitesi-3x30-mm-bakir\/","url":"https:\/\/irtugroup.com.tr\/product\/200a-4-kutuplu-dagitim-unitesi-3x30-mm-bakir\/","name":"200A 4 Kutuplu Da\u011f\u0131t\u0131m \u00dcnitesi (3x30 mm Bak\u0131r) - Irtu Group","isPartOf":{"@id":"https:\/\/irtugroup.com.tr\/#website"},"datePublished":"2022-05-23T01:11:49+00:00","dateModified":"2022-05-23T01:11:50+00:00","breadcrumb":{"@id":"https:\/\/irtugroup.com.tr\/product\/200a-4-kutuplu-dagitim-unitesi-3x30-mm-bakir\/#breadcrumb"},"inLanguage":"en-US","potentialAction":[{"@type":"ReadAction","target":["https:\/\/irtugroup.com.tr\/product\/200a-4-kutuplu-dagitim-unitesi-3x30-mm-bakir\/"]}]},{"@type":"BreadcrumbList","@id":"https:\/\/irtugroup.com.tr\/product\/200a-4-kutuplu-dagitim-unitesi-3x30-mm-bakir\/#breadcrumb","itemListElement":[{"@type":"ListItem","position":1,"name":"Anasayfa","item":"https:\/\/irtugroup.com.tr\/"},{"@type":"ListItem","position":2,"name":"\u00dcr\u00fcnler","item":"https:\/\/irtugroup.com.tr\/urunler\/"},{"@type":"ListItem","position":3,"name":"200A 4 Kutuplu Da\u011f\u0131t\u0131m \u00dcnitesi (3&#215;30 mm Bak\u0131r)"}]},{"@type":"WebSite","@id":"https:\/\/irtugroup.com.tr\/#website","url":"https:\/\/irtugroup.com.tr\/","name":"Irtu Group","description":"","publisher":{"@id":"https:\/\/irtugroup.com.tr\/#organization"},"potentialAction":[{"@type":"SearchAction","target":{"@type":"EntryPoint","urlTemplate":"https:\/\/irtugroup.com.tr\/?s={search_term_string}"},"query-input":"required name=search_term_string"}],"inLanguage":"en-US"},{"@type":"Organization","@id":"https:\/\/irtugroup.com.tr\/#organization","name":"Irtu Group","url":"https:\/\/irtugroup.com.tr\/","logo":{"@type":"ImageObject","inLanguage":"en-US","@id":"https:\/\/irtugroup.com.tr\/#\/schema\/logo\/image\/","url":"https:\/\/irtugroup.com.tr\/wp-content\/uploads\/2022\/03\/irtu-logo.png","contentUrl":"https:\/\/irtugroup.com.tr\/wp-content\/uploads\/2022\/03\/irtu-logo.png","width":512,"height":134,"caption":"Irtu Group"},"image":{"@id":"https:\/\/irtugroup.com.tr\/#\/schema\/logo\/image\/"},"sameAs":["https:\/\/www.facebook.com\/irtugrup\/"]}]}},"_links":{"self":[{"href":"https:\/\/irtugroup.com.tr\/en\/wp-json\/wp\/v2\/product\/3075","targetHints":{"allow":["GET"]}}],"collection":[{"href":"https:\/\/irtugroup.com.tr\/en\/wp-json\/wp\/v2\/product"}],"about":[{"href":"https:\/\/irtugroup.com.tr\/en\/wp-json\/wp\/v2\/types\/product"}],"wp:featuredmedia":[{"embeddable":true,"href":"https:\/\/irtugroup.com.tr\/en\/wp-json\/wp\/v2\/media\/3076"}],"wp:attachment":[{"href":"https:\/\/irtugroup.com.tr\/en\/wp-json\/wp\/v2\/media?parent=3075"}],"wp:term":[{"taxonomy":"product_cat","embeddable":true,"href":"https:\/\/irtugroup.com.tr\/en\/wp-json\/wp\/v2\/product_cat?post=3075"},{"taxonomy":"product_tag","embeddable":true,"href":"https:\/\/irtugroup.com.tr\/en\/wp-json\/wp\/v2\/product_tag?post=3075"}],"curies":[{"name":"wp","href":"https:\/\/api.w.org\/{rel}","templated":true}]}}