{"id":2847,"date":"2022-08-03T08:20:48","date_gmt":"2022-08-03T05:20:48","guid":{"rendered":"http:\/\/irtu.com.tr\/?post_type=product&#038;p=2847"},"modified":"2025-03-18T17:35:50","modified_gmt":"2025-03-18T14:35:50","slug":"3x1f-tarak-izolator","status":"publish","type":"product","link":"https:\/\/irtugroup.com.tr\/en\/product\/3x1f-tarak-izolator\/","title":{"rendered":"3x1F Support Insulator"},"content":{"rendered":"<div class=\"vc_row wpb_row vc_row-fluid roof-dhav-dotted\"><div class=\"wpb_column vc_column_container text-left vc_col-sm-12\"><div class=\"vc_column-inner\"><div class=\"wpb_wrapper\">\n\t<div class=\"wpb_text_column wpb_content_element\" >\n\t\t<div class=\"wpb_wrapper\">\n\t\t\t<p><img loading=\"lazy\" decoding=\"async\" class=\"alignnone wp-image-2850\" src=\"http:\/\/irtu.com.tr\/wp-content\/uploads\/2022\/06\/Screenshot_126.png\" alt=\"\" width=\"1196\" height=\"190\" srcset=\"\" sizes=\"auto, (max-width: 1196px) 100vw, 1196px\" data-srcset=\"\" \/><\/p>\n\n\t\t<\/div>\n\t<\/div>\n\n\t<div class=\"wpb_text_column wpb_content_element\" >\n\t\t<div class=\"wpb_wrapper\">\n\t\t\t<p>I am text block. Click edit button to change this text. Lorem ipsum dolor sit amet, consectetur adipiscing elit. Ut elit tellus, luctus nec ullamcorper mattis, pulvinar dapibus leo.<\/p>\n\n\t\t<\/div>\n\t<\/div>\n\n\t<div class=\"wpb_raw_code wpb_content_element wpb_raw_html\" >\n\t\t<div class=\"wpb_wrapper\">\n\t\t\t<table border=\"1\">\n    <tr>\n        <td rowspan=\"2\">Kod<\/td>\n        <td rowspan=\"2\">Tip<\/td>\n        <td colspan=\"8\">\u00d6l\u00e7\u00fcler<\/td>\n        <td rowspan=\"2\">Min. Mukavemet kN<\/td>\n        <td rowspan=\"2\">Kutu Adedi<\/td>\n    <\/tr>\n    <tr>\n        <td>A<\/td>\n        <td>B<\/td>\n        <td>C<\/td>\n        <td>D<\/td>\n        <td>E1<\/td>\n        <td>E2<\/td>\n        <td>F1<\/td>\n        <td>F2<\/td>\n        <td>H<\/td>\n    <\/tr>\n    <tr>\n        <td>\u0130RTU-POLT1012<\/td>\n        <td>3x1F\/5-10 mm<\/td>\n        <td>74<\/td>\n        <td>74<\/td>\n        <td>74<\/td>\n        <td>193<\/td>\n        <td>30<\/td>\n        <td>30<\/td>\n        <td>6<\/td>\n        <td>11<\/td>\n        <td>\u00d89,5<\/td>\n        <td>5<\/td>\n        <td>40<\/td>\n    <\/tr>\n<\/table>\n\n\t\t<\/div>\n\t<\/div>\n<\/div><\/div><\/div><\/div>","protected":false},"excerpt":{"rendered":"I am text block. Click edit button to change this text. Lorem ipsum dolor sit amet, consectetur adipiscing elit. Ut elit tellus, luctus nec ullamcorper mattis, pulvinar dapibus leo. Kod Tip \u00d6l\u00e7\u00fcler Min. Mukavemet kN Kutu Adedi A B C D E1 E2 F1 F2 H \u0130RTU-POLT1012 3x1F\/5-10 mm 74 74 74 193 30 30[...]","protected":false},"featured_media":3657,"template":"","meta":[],"product_cat":[15,206,208],"product_tag":[],"class_list":["post-2847","product","type-product","status-publish","has-post-thumbnail","hentry","product_cat-tum-urunler","product_cat-ag-polyester-bmc-izolatorler","product_cat-polyester-tarak-izolatorler"],"yoast_head":"<!-- This site is optimized with the Yoast SEO plugin v20.8 - https:\/\/yoast.com\/wordpress\/plugins\/seo\/ -->\n<title>3x1F Tarak \u0130zolat\u00f6r - Irtu Group<\/title>\n<meta name=\"robots\" content=\"index, follow, max-snippet:-1, max-image-preview:large, max-video-preview:-1\" \/>\n<link rel=\"canonical\" href=\"https:\/\/irtugroup.com.tr\/en\/product\/3x1f-tarak-izolator\/\" \/>\n<script type=\"application\/ld+json\" class=\"yoast-schema-graph\">{\"@context\":\"https:\/\/schema.org\",\"@graph\":[{\"@type\":\"WebPage\",\"@id\":\"https:\/\/irtugroup.com.tr\/product\/3x1f-tarak-izolator\/\",\"url\":\"https:\/\/irtugroup.com.tr\/product\/3x1f-tarak-izolator\/\",\"name\":\"3x1F Tarak \u0130zolat\u00f6r - Irtu Group\",\"isPartOf\":{\"@id\":\"https:\/\/irtugroup.com.tr\/#website\"},\"datePublished\":\"2022-08-03T05:20:48+00:00\",\"dateModified\":\"2025-03-18T14:35:50+00:00\",\"breadcrumb\":{\"@id\":\"https:\/\/irtugroup.com.tr\/product\/3x1f-tarak-izolator\/#breadcrumb\"},\"inLanguage\":\"en-US\",\"potentialAction\":[{\"@type\":\"ReadAction\",\"target\":[\"https:\/\/irtugroup.com.tr\/product\/3x1f-tarak-izolator\/\"]}]},{\"@type\":\"BreadcrumbList\",\"@id\":\"https:\/\/irtugroup.com.tr\/product\/3x1f-tarak-izolator\/#breadcrumb\",\"itemListElement\":[{\"@type\":\"ListItem\",\"position\":1,\"name\":\"Anasayfa\",\"item\":\"https:\/\/irtugroup.com.tr\/\"},{\"@type\":\"ListItem\",\"position\":2,\"name\":\"\u00dcr\u00fcnler\",\"item\":\"https:\/\/irtugroup.com.tr\/urunler\/\"},{\"@type\":\"ListItem\",\"position\":3,\"name\":\"3x1F Tarak \u0130zolat\u00f6r\"}]},{\"@type\":\"WebSite\",\"@id\":\"https:\/\/irtugroup.com.tr\/#website\",\"url\":\"https:\/\/irtugroup.com.tr\/\",\"name\":\"Irtu Group\",\"description\":\"\",\"publisher\":{\"@id\":\"https:\/\/irtugroup.com.tr\/#organization\"},\"potentialAction\":[{\"@type\":\"SearchAction\",\"target\":{\"@type\":\"EntryPoint\",\"urlTemplate\":\"https:\/\/irtugroup.com.tr\/?s={search_term_string}\"},\"query-input\":\"required name=search_term_string\"}],\"inLanguage\":\"en-US\"},{\"@type\":\"Organization\",\"@id\":\"https:\/\/irtugroup.com.tr\/#organization\",\"name\":\"Irtu Group\",\"url\":\"https:\/\/irtugroup.com.tr\/\",\"logo\":{\"@type\":\"ImageObject\",\"inLanguage\":\"en-US\",\"@id\":\"https:\/\/irtugroup.com.tr\/#\/schema\/logo\/image\/\",\"url\":\"https:\/\/irtugroup.com.tr\/wp-content\/uploads\/2022\/03\/irtu-logo.png\",\"contentUrl\":\"https:\/\/irtugroup.com.tr\/wp-content\/uploads\/2022\/03\/irtu-logo.png\",\"width\":512,\"height\":134,\"caption\":\"Irtu Group\"},\"image\":{\"@id\":\"https:\/\/irtugroup.com.tr\/#\/schema\/logo\/image\/\"},\"sameAs\":[\"https:\/\/www.facebook.com\/irtugrup\/\"]}]}<\/script>\n<!-- \/ Yoast SEO plugin. -->","yoast_head_json":{"title":"3x1F Tarak \u0130zolat\u00f6r - Irtu Group","robots":{"index":"index","follow":"follow","max-snippet":"max-snippet:-1","max-image-preview":"max-image-preview:large","max-video-preview":"max-video-preview:-1"},"canonical":"https:\/\/irtugroup.com.tr\/en\/product\/3x1f-tarak-izolator\/","schema":{"@context":"https:\/\/schema.org","@graph":[{"@type":"WebPage","@id":"https:\/\/irtugroup.com.tr\/product\/3x1f-tarak-izolator\/","url":"https:\/\/irtugroup.com.tr\/product\/3x1f-tarak-izolator\/","name":"3x1F Tarak \u0130zolat\u00f6r - Irtu Group","isPartOf":{"@id":"https:\/\/irtugroup.com.tr\/#website"},"datePublished":"2022-08-03T05:20:48+00:00","dateModified":"2025-03-18T14:35:50+00:00","breadcrumb":{"@id":"https:\/\/irtugroup.com.tr\/product\/3x1f-tarak-izolator\/#breadcrumb"},"inLanguage":"en-US","potentialAction":[{"@type":"ReadAction","target":["https:\/\/irtugroup.com.tr\/product\/3x1f-tarak-izolator\/"]}]},{"@type":"BreadcrumbList","@id":"https:\/\/irtugroup.com.tr\/product\/3x1f-tarak-izolator\/#breadcrumb","itemListElement":[{"@type":"ListItem","position":1,"name":"Anasayfa","item":"https:\/\/irtugroup.com.tr\/"},{"@type":"ListItem","position":2,"name":"\u00dcr\u00fcnler","item":"https:\/\/irtugroup.com.tr\/urunler\/"},{"@type":"ListItem","position":3,"name":"3x1F Tarak \u0130zolat\u00f6r"}]},{"@type":"WebSite","@id":"https:\/\/irtugroup.com.tr\/#website","url":"https:\/\/irtugroup.com.tr\/","name":"Irtu Group","description":"","publisher":{"@id":"https:\/\/irtugroup.com.tr\/#organization"},"potentialAction":[{"@type":"SearchAction","target":{"@type":"EntryPoint","urlTemplate":"https:\/\/irtugroup.com.tr\/?s={search_term_string}"},"query-input":"required name=search_term_string"}],"inLanguage":"en-US"},{"@type":"Organization","@id":"https:\/\/irtugroup.com.tr\/#organization","name":"Irtu Group","url":"https:\/\/irtugroup.com.tr\/","logo":{"@type":"ImageObject","inLanguage":"en-US","@id":"https:\/\/irtugroup.com.tr\/#\/schema\/logo\/image\/","url":"https:\/\/irtugroup.com.tr\/wp-content\/uploads\/2022\/03\/irtu-logo.png","contentUrl":"https:\/\/irtugroup.com.tr\/wp-content\/uploads\/2022\/03\/irtu-logo.png","width":512,"height":134,"caption":"Irtu Group"},"image":{"@id":"https:\/\/irtugroup.com.tr\/#\/schema\/logo\/image\/"},"sameAs":["https:\/\/www.facebook.com\/irtugrup\/"]}]}},"_links":{"self":[{"href":"https:\/\/irtugroup.com.tr\/en\/wp-json\/wp\/v2\/product\/2847","targetHints":{"allow":["GET"]}}],"collection":[{"href":"https:\/\/irtugroup.com.tr\/en\/wp-json\/wp\/v2\/product"}],"about":[{"href":"https:\/\/irtugroup.com.tr\/en\/wp-json\/wp\/v2\/types\/product"}],"wp:featuredmedia":[{"embeddable":true,"href":"https:\/\/irtugroup.com.tr\/en\/wp-json\/wp\/v2\/media\/3657"}],"wp:attachment":[{"href":"https:\/\/irtugroup.com.tr\/en\/wp-json\/wp\/v2\/media?parent=2847"}],"wp:term":[{"taxonomy":"product_cat","embeddable":true,"href":"https:\/\/irtugroup.com.tr\/en\/wp-json\/wp\/v2\/product_cat?post=2847"},{"taxonomy":"product_tag","embeddable":true,"href":"https:\/\/irtugroup.com.tr\/en\/wp-json\/wp\/v2\/product_tag?post=2847"}],"curies":[{"name":"wp","href":"https:\/\/api.w.org\/{rel}","templated":true}]}}