{"id":2346,"date":"2022-08-03T08:16:51","date_gmt":"2022-08-03T05:16:51","guid":{"rendered":"http:\/\/irtu.com.tr\/?post_type=product&#038;p=2346"},"modified":"2022-08-03T19:55:32","modified_gmt":"2022-08-03T16:55:32","slug":"polyester-3x1fn-5-10mm","status":"publish","type":"product","link":"https:\/\/irtugroup.com.tr\/en\/product\/polyester-3x1fn-5-10mm\/","title":{"rendered":"3x1F+N Support Insulator"},"content":{"rendered":"<p><img loading=\"lazy\" decoding=\"async\" class=\"alignnone wp-image-2347\" src=\"http:\/\/irtu.com.tr\/wp-content\/uploads\/2022\/06\/Screenshot_134.png\" alt=\"\" width=\"1196\" height=\"140\" srcset=\"\" sizes=\"auto, (max-width: 1196px) 100vw, 1196px\" data-srcset=\"\" \/><\/p>","protected":false},"excerpt":{"rendered":"BMC 260 cam elyaf katkili kompozit malzemeden imal edilmistir. Halojen-free ve kendi kendini s\u00f6nd\u00fcrme \u00a0UL 94 V0 \u00f6zelligine sahiptir.\r\n\r\n* &#8221;K\u0131zaran Tel Testi Yanmazl\u0131k Testi&#8221;, plastik ve re\u00e7ine\u00a0 polyester hammaddeli t\u00fcm izolat\u00f6rler i\u00e7in ge\u00e7erlidir.","protected":false},"featured_media":2348,"template":"","meta":[],"product_cat":[15,206,208],"product_tag":[],"class_list":["post-2346","product","type-product","status-publish","has-post-thumbnail","hentry","product_cat-tum-urunler","product_cat-ag-polyester-bmc-izolatorler","product_cat-polyester-tarak-izolatorler"],"yoast_head":"<!-- This site is optimized with the Yoast SEO plugin v20.8 - https:\/\/yoast.com\/wordpress\/plugins\/seo\/ -->\n<title>POLYESTER 3X1F+N 5-10MM - Irtu Group<\/title>\n<meta name=\"robots\" content=\"index, follow, max-snippet:-1, max-image-preview:large, max-video-preview:-1\" \/>\n<link rel=\"canonical\" href=\"https:\/\/irtugroup.com.tr\/en\/product\/polyester-3x1fn-5-10mm\/\" \/>\n<script type=\"application\/ld+json\" class=\"yoast-schema-graph\">{\"@context\":\"https:\/\/schema.org\",\"@graph\":[{\"@type\":\"WebPage\",\"@id\":\"https:\/\/irtugroup.com.tr\/en\/product\/polyester-3x1fn-5-10mm\/\",\"url\":\"https:\/\/irtugroup.com.tr\/en\/product\/polyester-3x1fn-5-10mm\/\",\"name\":\"POLYESTER 3X1F+N 5-10MM - Irtu Group\",\"isPartOf\":{\"@id\":\"https:\/\/irtugroup.com.tr\/#website\"},\"datePublished\":\"2022-08-03T05:16:51+00:00\",\"dateModified\":\"2022-08-03T16:55:32+00:00\",\"breadcrumb\":{\"@id\":\"https:\/\/irtugroup.com.tr\/en\/product\/polyester-3x1fn-5-10mm\/#breadcrumb\"},\"inLanguage\":\"en-US\",\"potentialAction\":[{\"@type\":\"ReadAction\",\"target\":[\"https:\/\/irtugroup.com.tr\/en\/product\/polyester-3x1fn-5-10mm\/\"]}]},{\"@type\":\"BreadcrumbList\",\"@id\":\"https:\/\/irtugroup.com.tr\/en\/product\/polyester-3x1fn-5-10mm\/#breadcrumb\",\"itemListElement\":[{\"@type\":\"ListItem\",\"position\":1,\"name\":\"Anasayfa\",\"item\":\"https:\/\/irtugroup.com.tr\/\"},{\"@type\":\"ListItem\",\"position\":2,\"name\":\"\u00dcr\u00fcnler\",\"item\":\"https:\/\/irtugroup.com.tr\/urunler\/\"},{\"@type\":\"ListItem\",\"position\":3,\"name\":\"POLYESTER 3X1F+N 5-10MM\"}]},{\"@type\":\"WebSite\",\"@id\":\"https:\/\/irtugroup.com.tr\/#website\",\"url\":\"https:\/\/irtugroup.com.tr\/\",\"name\":\"Irtu Group\",\"description\":\"\",\"publisher\":{\"@id\":\"https:\/\/irtugroup.com.tr\/#organization\"},\"potentialAction\":[{\"@type\":\"SearchAction\",\"target\":{\"@type\":\"EntryPoint\",\"urlTemplate\":\"https:\/\/irtugroup.com.tr\/?s={search_term_string}\"},\"query-input\":\"required name=search_term_string\"}],\"inLanguage\":\"en-US\"},{\"@type\":\"Organization\",\"@id\":\"https:\/\/irtugroup.com.tr\/#organization\",\"name\":\"Irtu Group\",\"url\":\"https:\/\/irtugroup.com.tr\/\",\"logo\":{\"@type\":\"ImageObject\",\"inLanguage\":\"en-US\",\"@id\":\"https:\/\/irtugroup.com.tr\/#\/schema\/logo\/image\/\",\"url\":\"https:\/\/irtugroup.com.tr\/wp-content\/uploads\/2022\/03\/irtu-logo.png\",\"contentUrl\":\"https:\/\/irtugroup.com.tr\/wp-content\/uploads\/2022\/03\/irtu-logo.png\",\"width\":512,\"height\":134,\"caption\":\"Irtu Group\"},\"image\":{\"@id\":\"https:\/\/irtugroup.com.tr\/#\/schema\/logo\/image\/\"},\"sameAs\":[\"https:\/\/www.facebook.com\/irtugrup\/\"]}]}<\/script>\n<!-- \/ Yoast SEO plugin. -->","yoast_head_json":{"title":"POLYESTER 3X1F+N 5-10MM - Irtu Group","robots":{"index":"index","follow":"follow","max-snippet":"max-snippet:-1","max-image-preview":"max-image-preview:large","max-video-preview":"max-video-preview:-1"},"canonical":"https:\/\/irtugroup.com.tr\/en\/product\/polyester-3x1fn-5-10mm\/","schema":{"@context":"https:\/\/schema.org","@graph":[{"@type":"WebPage","@id":"https:\/\/irtugroup.com.tr\/en\/product\/polyester-3x1fn-5-10mm\/","url":"https:\/\/irtugroup.com.tr\/en\/product\/polyester-3x1fn-5-10mm\/","name":"POLYESTER 3X1F+N 5-10MM - Irtu Group","isPartOf":{"@id":"https:\/\/irtugroup.com.tr\/#website"},"datePublished":"2022-08-03T05:16:51+00:00","dateModified":"2022-08-03T16:55:32+00:00","breadcrumb":{"@id":"https:\/\/irtugroup.com.tr\/en\/product\/polyester-3x1fn-5-10mm\/#breadcrumb"},"inLanguage":"en-US","potentialAction":[{"@type":"ReadAction","target":["https:\/\/irtugroup.com.tr\/en\/product\/polyester-3x1fn-5-10mm\/"]}]},{"@type":"BreadcrumbList","@id":"https:\/\/irtugroup.com.tr\/en\/product\/polyester-3x1fn-5-10mm\/#breadcrumb","itemListElement":[{"@type":"ListItem","position":1,"name":"Anasayfa","item":"https:\/\/irtugroup.com.tr\/"},{"@type":"ListItem","position":2,"name":"\u00dcr\u00fcnler","item":"https:\/\/irtugroup.com.tr\/urunler\/"},{"@type":"ListItem","position":3,"name":"POLYESTER 3X1F+N 5-10MM"}]},{"@type":"WebSite","@id":"https:\/\/irtugroup.com.tr\/#website","url":"https:\/\/irtugroup.com.tr\/","name":"Irtu Group","description":"","publisher":{"@id":"https:\/\/irtugroup.com.tr\/#organization"},"potentialAction":[{"@type":"SearchAction","target":{"@type":"EntryPoint","urlTemplate":"https:\/\/irtugroup.com.tr\/?s={search_term_string}"},"query-input":"required name=search_term_string"}],"inLanguage":"en-US"},{"@type":"Organization","@id":"https:\/\/irtugroup.com.tr\/#organization","name":"Irtu Group","url":"https:\/\/irtugroup.com.tr\/","logo":{"@type":"ImageObject","inLanguage":"en-US","@id":"https:\/\/irtugroup.com.tr\/#\/schema\/logo\/image\/","url":"https:\/\/irtugroup.com.tr\/wp-content\/uploads\/2022\/03\/irtu-logo.png","contentUrl":"https:\/\/irtugroup.com.tr\/wp-content\/uploads\/2022\/03\/irtu-logo.png","width":512,"height":134,"caption":"Irtu Group"},"image":{"@id":"https:\/\/irtugroup.com.tr\/#\/schema\/logo\/image\/"},"sameAs":["https:\/\/www.facebook.com\/irtugrup\/"]}]}},"_links":{"self":[{"href":"https:\/\/irtugroup.com.tr\/en\/wp-json\/wp\/v2\/product\/2346","targetHints":{"allow":["GET"]}}],"collection":[{"href":"https:\/\/irtugroup.com.tr\/en\/wp-json\/wp\/v2\/product"}],"about":[{"href":"https:\/\/irtugroup.com.tr\/en\/wp-json\/wp\/v2\/types\/product"}],"wp:featuredmedia":[{"embeddable":true,"href":"https:\/\/irtugroup.com.tr\/en\/wp-json\/wp\/v2\/media\/2348"}],"wp:attachment":[{"href":"https:\/\/irtugroup.com.tr\/en\/wp-json\/wp\/v2\/media?parent=2346"}],"wp:term":[{"taxonomy":"product_cat","embeddable":true,"href":"https:\/\/irtugroup.com.tr\/en\/wp-json\/wp\/v2\/product_cat?post=2346"},{"taxonomy":"product_tag","embeddable":true,"href":"https:\/\/irtugroup.com.tr\/en\/wp-json\/wp\/v2\/product_tag?post=2346"}],"curies":[{"name":"wp","href":"https:\/\/api.w.org\/{rel}","templated":true}]}}