{"id":531,"date":"2017-06-12T10:06:30","date_gmt":"2017-06-12T07:06:30","guid":{"rendered":"https:\/\/victorthemes.com\/themes\/roof\/?page_id=531"},"modified":"2025-08-04T11:16:58","modified_gmt":"2025-08-04T08:16:58","slug":"projelerimiz","status":"publish","type":"page","link":"https:\/\/irtugroup.com.tr\/en\/insankaynaklari\/","title":{"rendered":"Human Resources"},"content":{"rendered":"<div class=\"vc_row wpb_row vc_row-fluid roof-dhav-dotted\"><div class=\"wpb_column vc_column_container text-left vc_col-sm-12\"><div class=\"vc_column-inner\"><div class=\"wpb_wrapper\">\n\t<div  class=\"wpb_single_image wpb_content_element vc_align_center\">\n\t\t\n\t\t<figure class=\"wpb_wrapper vc_figure\">\n\t\t\t<div class=\"vc_single_image-wrapper   vc_box_border_grey\"><img loading=\"lazy\" decoding=\"async\" class=\"vc_single_image-img\" src=\"https:\/\/irtugroup.com.tr\/wp-content\/uploads\/2022\/07\/denem-4.jpg\" width=\"1170\" height=\"304\" alt=\"denem-4\" title=\"denem-4\" \/><\/div>\n\t\t<\/figure>\n\t<\/div>\n<\/div><\/div><\/div><\/div><div class=\"vc_row wpb_row vc_row-fluid roof-dhav-dotted\"><div class=\"wpb_column vc_column_container text-left vc_col-sm-12\"><div class=\"vc_column-inner\"><div class=\"wpb_wrapper\"><div class=\"vc_empty_space\"   style=\"height: 32px\"><span class=\"vc_empty_space_inner\"><\/span><\/div>\n\t<div class=\"wpb_text_column wpb_content_element\" >\n\t\t<div class=\"wpb_wrapper\">\n\t\t\t<p style=\"text-align: center;\"><span style=\"color: #000000;\">As IRTU Group, the main goal of our Human Resources Policy is to further our understanding of quality, success, customer and solution-oriented perspective with our team in line with a common goals in the sector. In this process, our priorities are to create a strong team spirit that strives for the same goals with our team and new talented employees who will join our team by creating a common synergy.\nIf you want to be a part of this team, please apply to our open positions.<\/span><br \/>\n<span style=\"color: #000000;\">In this process, Dec is among our priorities to create a strong team spirit that runs to the same goals by creating a common synergy with the talents, experience and motivations of our current employees who have worked with their dedication and productivity and our employees who will be newly joining our team.<\/span><br \/>\n<span style=\"color: #000000;\">If you would like to be a part of this team with us, you can apply for our open positions.<\/span><\/p>\n\n\t\t<\/div>\n\t<\/div>\n<div class=\"vc_empty_space\"   style=\"height: 32px\"><span class=\"vc_empty_space_inner\"><\/span><\/div><\/div><\/div><\/div><\/div><div class=\"vc_row wpb_row vc_row-fluid roof-dhav-dotted\"><div class=\"wpb_column vc_column_container text-left vc_col-sm-6\"><div class=\"vc_column-inner\"><div class=\"wpb_wrapper\"><div class=\"vc_separator wpb_content_element vc_separator_align_center vc_sep_width_100 vc_sep_pos_align_center vc_sep_color_grey vc_separator-has-text\" ><span class=\"vc_sep_holder vc_sep_holder_l\"><span  class=\"vc_sep_line\"><\/span><\/span><h4>GENERAL APPLICATION<\/h4><span class=\"vc_sep_holder vc_sep_holder_r\"><span  class=\"vc_sep_line\"><\/span><\/span>\n<\/div><div class=\"vc_tta-container\" data-vc-action=\"collapse\"><div class=\"vc_general vc_tta vc_tta-accordion vc_tta-color-grey vc_tta-style-classic vc_tta-shape-rounded vc_tta-o-shape-group vc_tta-controls-align-left\"><div class=\"vc_tta-panels-container\"><div class=\"vc_tta-panels\"><div class=\"vc_tta-panel\" id=\"1652390269859-43344161-ef37\" data-vc-content=\".vc_tta-panel-body\"><div class=\"vc_tta-panel-heading\"><h4 class=\"vc_tta-panel-title vc_tta-controls-icon-position-left\"><a href=\"#1652390269859-43344161-ef37\" data-vc-accordion data-vc-container=\".vc_tta-container\"><span class=\"vc_tta-title-text\">Requirements<\/span><i class=\"vc_tta-controls-icon vc_tta-controls-icon-plus\"><\/i><\/a><\/h4><\/div><div class=\"vc_tta-panel-body\"><div  class=\"vc_wp_text wpb_content_element\"><div class=\"widget widget_text\">\t\t\t<div class=\"textwidget\"><\/p>\n<ul>\n<li>At least a high school graduate (preferably a vocational high school),<\/li>\n<li>Graduated from related departments<\/li>\n<li>For male candidates who have completed military service,<\/li>\n<li>Preferably experienced in the Electrical industry,<\/li>\n<li>Prone to teamwork,<\/li>\n<li>He has business discipline and is open to development,<\/li>\n<li>A resident of the Anatolian Side of Istanbul or the Gebze district of Kocaeli<\/li>\n<\/ul>\n<p>\n<\/div>\n\t\t<\/div><\/div><\/div><\/div><\/div><\/div><\/div><\/div>\n\t<div class=\"wpb_text_column wpb_content_element\" >\n\t\t<div class=\"wpb_wrapper\">\n\t\t\t<p>This announcement has been opened as a general announcement to be evaluated in the open positions that may occur in the Istanbul Tuzla location within the IRTU Group.We kindly ask that you specify the department and task you are interested in in accordance with your experience and abilities with a preliminary article in the resume you have sent.<\/p>\n\n\t\t<\/div>\n\t<\/div>\n<div class=\"vc_separator wpb_content_element vc_separator_align_center vc_sep_width_100 vc_sep_pos_align_center vc_sep_color_grey vc_separator-has-text\" ><span class=\"vc_sep_holder vc_sep_holder_l\"><span  class=\"vc_sep_line\"><\/span><\/span><h4>EXPORT OFFICER<\/h4><span class=\"vc_sep_holder vc_sep_holder_r\"><span  class=\"vc_sep_line\"><\/span><\/span>\n<\/div>\n\t<div class=\"wpb_text_column wpb_content_element\" >\n\t\t<div class=\"wpb_wrapper\">\n\t\t\t<p>We are looking for a team-mate who will carry out export channel development and operational processes\u2026<\/p>\n\n\t\t<\/div>\n\t<\/div>\n<div class=\"vc_tta-container\" data-vc-action=\"collapse\"><div class=\"vc_general vc_tta vc_tta-accordion vc_tta-color-grey vc_tta-style-classic vc_tta-shape-rounded vc_tta-o-shape-group vc_tta-controls-align-left\"><div class=\"vc_tta-panels-container\"><div class=\"vc_tta-panels\"><div class=\"vc_tta-panel\" id=\"1649071395044-d216c118-1889\" data-vc-content=\".vc_tta-panel-body\"><div class=\"vc_tta-panel-heading\"><h4 class=\"vc_tta-panel-title vc_tta-controls-icon-position-left\"><a href=\"#1649071395044-d216c118-1889\" data-vc-accordion data-vc-container=\".vc_tta-container\"><span class=\"vc_tta-title-text\">Requirements<\/span><i class=\"vc_tta-controls-icon vc_tta-controls-icon-plus\"><\/i><\/a><\/h4><\/div><div class=\"vc_tta-panel-body\"><div  class=\"vc_wp_text wpb_content_element\"><div class=\"widget widget_text\">\t\t\t<div class=\"textwidget\"><\/p>\n<ul>\n<li>The universities have courses in Business Administration, Economics, Foreign Trade, etc. graduated from the Department of<\/li>\n<li>He has a very Good degree of English knowledge<\/li>\n<li>2-4 Years of experience in export channel development and operational operations<\/li>\n<li>Have knowledge about Foreign Trade legislation<\/li>\n<li>Be able to use Ms office programs at a good level,<\/li>\n<li>Experienced in reporting,<\/li>\n<li>Have the ability to plan and organize, be able to think analytically,<\/li>\n<li>Oral and written communication skills are strong,<\/li>\n<li>Prone to teamwork and dynamic pace of work,<\/li>\n<li>He has a presentable and effective expressive power,<\/li>\n<li>Preferably a resident of the Tuzla region of Istanbul<\/li>\n<\/ul>\n<p>\n<\/div>\n\t\t<\/div><\/div><\/div><\/div><div class=\"vc_tta-panel\" id=\"1649071395044-85730dd7-a769\" data-vc-content=\".vc_tta-panel-body\"><div class=\"vc_tta-panel-heading\"><h4 class=\"vc_tta-panel-title vc_tta-controls-icon-position-left\"><a href=\"#1649071395044-85730dd7-a769\" data-vc-accordion data-vc-container=\".vc_tta-container\"><span class=\"vc_tta-title-text\">Desired Features<\/span><i class=\"vc_tta-controls-icon vc_tta-controls-icon-plus\"><\/i><\/a><\/h4><\/div><div class=\"vc_tta-panel-body\"><div  class=\"vc_wp_text wpb_content_element\"><div class=\"widget widget_text\">\t\t\t<div class=\"textwidget\"><\/p>\n<ul>\n<li>Carrying out the sales and export operational operations necessary to ensure the continuity of existing customers and to gain new customers<\/li>\n<li>Conducting the necessary studies to ensure new customer gains<\/li>\n<li>Conducting research on target Sundays and preparing reports<\/li>\n<li>After receiving or creating Export Orders, conducting all correspondence and paperwork processes with customs and shipping<\/li>\n<li>Contributing to new strategies to be developed by conducting Sunday, customer and competitor analyses<\/li>\n<li>Conducting studies on the functioning of social media and other promotional and marketing tools that will be used to achieve sales goals<\/li>\n<li>Following foreign fairs and news, providing regular information to the management and organizing foreign visits and \/ or customer hospitality when necessary<\/li>\n<li>Creating regular reports on the activities of the department and sharing them with the manager<\/li>\n<\/ul>\n<p>\n<\/div>\n\t\t<\/div><\/div><\/div><\/div><\/div><\/div><\/div><\/div><div class=\"vc_empty_space\"   style=\"height: 32px\"><span class=\"vc_empty_space_inner\"><\/span><\/div><div class=\"vc_separator wpb_content_element vc_separator_align_center vc_sep_width_100 vc_sep_pos_align_center vc_sep_color_grey vc_separator-has-text\" ><span class=\"vc_sep_holder vc_sep_holder_l\"><span  class=\"vc_sep_line\"><\/span><\/span><h4>MASTER OF MANUFACTURING<\/h4><span class=\"vc_sep_holder vc_sep_holder_r\"><span  class=\"vc_sep_line\"><\/span><\/span>\n<\/div>\n\t<div class=\"wpb_text_column wpb_content_element\" >\n\t\t<div class=\"wpb_wrapper\">\n\t\t\t<p>We are looking for a manufacturing master with the following qualifications in our company that manufactures insulation and consumables for electrical panels<\/p>\n\n\t\t<\/div>\n\t<\/div>\n<div class=\"vc_tta-container\" data-vc-action=\"collapse\"><div class=\"vc_general vc_tta vc_tta-accordion vc_tta-color-grey vc_tta-style-classic vc_tta-shape-rounded vc_tta-o-shape-group vc_tta-controls-align-left\"><div class=\"vc_tta-panels-container\"><div class=\"vc_tta-panels\"><div class=\"vc_tta-panel\" id=\"1649071559057-477781fe-fe47\" data-vc-content=\".vc_tta-panel-body\"><div class=\"vc_tta-panel-heading\"><h4 class=\"vc_tta-panel-title vc_tta-controls-icon-position-left\"><a href=\"#1649071559057-477781fe-fe47\" data-vc-accordion data-vc-container=\".vc_tta-container\"><span class=\"vc_tta-title-text\">Requirements<\/span><i class=\"vc_tta-controls-icon vc_tta-controls-icon-plus\"><\/i><\/a><\/h4><\/div><div class=\"vc_tta-panel-body\"><div  class=\"vc_wp_text wpb_content_element\"><div class=\"widget widget_text\">\t\t\t<div class=\"textwidget\"><\/p>\n<ul>\n<li>Preferably graduated from technical departments of Vocational Schools of Vocational Education and Industry,<\/li>\n<li>At least 3-4 years of experience in manufacturing manufacturing<\/li>\n<li>He is especially knowledgeable and experienced in plastic raw materials and plastic injection processes<\/li>\n<li>Experienced in mold maintenance and repair,<\/li>\n<li>He is prone to teamwork, his communication is strong<\/li>\n<li>For male candidates who have completed military service,<\/li>\n<li>Preferably a resident of Tuzla or Sultanbeyli district of Istanbul<\/li>\n<\/ul>\n<p>\n<\/div>\n\t\t<\/div><\/div><\/div><\/div><div class=\"vc_tta-panel\" id=\"1649071559058-ebcbe598-5dd6\" data-vc-content=\".vc_tta-panel-body\"><div class=\"vc_tta-panel-heading\"><h4 class=\"vc_tta-panel-title vc_tta-controls-icon-position-left\"><a href=\"#1649071559058-ebcbe598-5dd6\" data-vc-accordion data-vc-container=\".vc_tta-container\"><span class=\"vc_tta-title-text\">Desired Features<\/span><i class=\"vc_tta-controls-icon vc_tta-controls-icon-plus\"><\/i><\/a><\/h4><\/div><div class=\"vc_tta-panel-body\"><div  class=\"vc_wp_text wpb_content_element\"><div class=\"widget widget_text\">\t\t\t<div class=\"textwidget\"><\/p>\n<ul>\n<li>Plastic Injection molding machine mold binding and removal settings, commissioning of the machine<\/li>\n<li>Production of plastic injection molding machine<\/li>\n<li>Providing support to other manufacturing processes when necessary<\/li>\n<li>To intervene in all kinds of malfunctions and problems that may occur in the most accurate way and in the shortest time<\/li>\n<li>Working in accordance with the procedures and instructions, in accordance with the rules of Occupational Health and Safety<\/li>\n<\/ul>\n<p>\n<\/div>\n\t\t<\/div><\/div><\/div><\/div><\/div><\/div><\/div><\/div><div class=\"vc_empty_space\"   style=\"height: 32px\"><span class=\"vc_empty_space_inner\"><\/span><\/div><\/div><\/div><\/div><div class=\"wpb_column vc_column_container text-left vc_col-sm-6\"><div class=\"vc_column-inner\"><div class=\"wpb_wrapper\"><div class=\"vc_separator wpb_content_element vc_separator_align_center vc_sep_width_100 vc_sep_pos_align_center vc_sep_color_grey vc_separator-has-text\" ><span class=\"vc_sep_holder vc_sep_holder_l\"><span  class=\"vc_sep_line\"><\/span><\/span><h4>APPL\u0130CAT\u0130ON FORM<\/h4><span class=\"vc_sep_holder vc_sep_holder_r\"><span  class=\"vc_sep_line\"><\/span><\/span>\n<\/div>\n\t<div class=\"wpb_text_column wpb_content_element\" >\n\t\t<div class=\"wpb_wrapper\">\n\t\t\t<p>You can apply immediately by filling out the form below.<\/p>\n\n\t\t<\/div>\n\t<\/div>\n<div class=\"vc_empty_space\"   style=\"height: 2px\"><span class=\"vc_empty_space_inner\"><\/span><\/div>\n<div class=\"wpcf7 no-js\" id=\"wpcf7-f2483-o1\" lang=\"tr-TR\" dir=\"ltr\">\n<div class=\"screen-reader-response\"><p role=\"status\" aria-live=\"polite\" aria-atomic=\"true\"><\/p> <ul><\/ul><\/div>\n<form action=\"\/en\/wp-json\/wp\/v2\/pages\/531#wpcf7-f2483-o1\" method=\"post\" class=\"wpcf7-form init\" aria-label=\"Contact form\" enctype=\"multipart\/form-data\" novalidate=\"novalidate\" data-status=\"init\" data-trp-original-action=\"\/en\/wp-json\/wp\/v2\/pages\/531#wpcf7-f2483-o1\">\n<div style=\"display: none;\">\n<input type=\"hidden\" name=\"_wpcf7\" value=\"2483\" \/>\n<input type=\"hidden\" name=\"_wpcf7_version\" value=\"5.7.6\" \/>\n<input type=\"hidden\" name=\"_wpcf7_locale\" value=\"tr_TR\" \/>\n<input type=\"hidden\" name=\"_wpcf7_unit_tag\" value=\"wpcf7-f2483-o1\" \/>\n<input type=\"hidden\" name=\"_wpcf7_container_post\" value=\"0\" \/>\n<input type=\"hidden\" name=\"_wpcf7_posted_data_hash\" value=\"\" \/>\n<\/div>\n<p><label> Position*<br \/>\n<span class=\"wpcf7-form-control-wrap\" data-name=\"menu-711\"><select class=\"wpcf7-form-control wpcf7-select wpcf7-validates-as-required\" id=\"dropk\" aria-required=\"true\" aria-invalid=\"false\" name=\"menu-711\"><option value=\"-- Se\u00e7iniz --\">-- Select --<\/option><option value=\"\u0130HRACAT SORUMLUSU\">EXPORT OFFICER<\/option><option value=\"\u0130MALAT USTASI\">MASTER OF MANUFACTURING<\/option><option value=\"GENEL BA\u015eVURU\">GENERAL APPLICATION<\/option><\/select><\/span> <\/label>\n<\/p>\n<p><label> Name Surname*<br \/>\n<span class=\"wpcf7-form-control-wrap\" data-name=\"your-name\"><input size=\"40\" class=\"wpcf7-form-control wpcf7-text wpcf7-validates-as-required\" aria-required=\"true\" aria-invalid=\"false\" value=\"\" type=\"text\" name=\"your-name\" \/><\/span> <\/label>\n<\/p>\n<p><label> Your Phone Number<br \/>\n<span class=\"wpcf7-form-control-wrap\" data-name=\"tel-290\"><input size=\"40\" class=\"wpcf7-form-control wpcf7-text wpcf7-tel wpcf7-validates-as-tel\" aria-invalid=\"false\" value=\"\" type=\"tel\" name=\"tel-290\" \/><\/span> <\/label>\n<\/p>\n<p><label> Date Of Birth *<br \/>\n<span class=\"wpcf7-form-control-wrap\" data-name=\"date-838\"><input class=\"wpcf7-form-control wpcf7-date wpcf7-validates-as-required wpcf7-validates-as-date\" id=\"datek\" aria-required=\"true\" aria-invalid=\"false\" placeholder=\"mm.dd.yyyy\" value=\"\" type=\"date\" name=\"date-838\" \/><\/span><\/label>\n<\/p>\n<p><label> City \/ District *<br \/>\n<span class=\"wpcf7-form-control-wrap\" data-name=\"text-768\"><input size=\"40\" class=\"wpcf7-form-control wpcf7-text wpcf7-validates-as-required\" id=\"country\" aria-required=\"true\" aria-invalid=\"false\" value=\"\" type=\"text\" name=\"text-768\" \/><\/span><\/label>\n<\/p>\n<p><span class=\"wpcf7-form-control-wrap\" data-name=\"file-174\"><input size=\"40\" class=\"wpcf7-form-control wpcf7-file wpcf7-validates-as-required\" id=\"filek\" accept=\"audio\/*,video\/*,image\/*\" aria-required=\"true\" aria-invalid=\"false\" type=\"file\" name=\"file-174\" \/><\/span>\n<\/p>\n<p><input class=\"wpcf7-form-control has-spinner wpcf7-submit\" type=\"submit\" value=\"Send\" \/>\n<\/p><div class=\"wpcf7-response-output\" aria-hidden=\"true\"><\/div>\n<input type=\"hidden\" name=\"trp-form-language\" value=\"en\"\/><\/form>\n<\/div>\n<\/div><\/div><\/div><\/div><div class=\"vc_row wpb_row vc_row-fluid roof-dhav-dotted\"><div class=\"wpb_column vc_column_container text-left vc_col-sm-12\"><div class=\"vc_column-inner\"><div class=\"wpb_wrapper\"><div class=\"vc_empty_space\"   style=\"height: 32px\"><span class=\"vc_empty_space_inner\"><\/span><\/div><\/div><\/div><\/div><\/div>","protected":false},"excerpt":{"rendered":"\u0130RTU Grup olarak \u0130nsan Kaynaklar\u0131 Politikam\u0131z\u0131n temel hedefi, faaliyette bulundu\u011fumuz Al\u00e7ak Gerilim Elektrik sekt\u00f6r\u00fcnde kalite, ba\u015far\u0131, m\u00fc\u015fteri ve \u00e7\u00f6z\u00fcm odakl\u0131 faaliyet anlay\u0131\u015f\u0131m\u0131z\u0131 \u0130rtu Grup Ailesi \u00c7al\u0131\u015fanlar\u0131m\u0131zla birlikte daha da ileriye ta\u015f\u0131mak ve bu yolda ortak hedeflerle b\u00fcy\u00fcmeyi ve geli\u015fmeyi sa\u011flamakt\u0131r. Bu s\u00fcre\u00e7te \u00f6zveri ve \u00fcretkenlikleri ile eme\u011fi ge\u00e7en mevcut \u00e7al\u0131\u015fanlar\u0131m\u0131z\u0131n ve ekibimize yeni kat\u0131lacak olan[...]","protected":false},"author":1,"featured_media":0,"parent":0,"menu_order":0,"comment_status":"closed","ping_status":"closed","template":"","meta":{"footnotes":""},"class_list":["post-531","page","type-page","status-publish","hentry"],"yoast_head":"<!-- This site is optimized with the Yoast SEO plugin v20.8 - https:\/\/yoast.com\/wordpress\/plugins\/seo\/ -->\n<title>\u0130nsan Kaynaklar\u0131 - Irtu Group<\/title>\n<meta name=\"robots\" content=\"index, follow, max-snippet:-1, max-image-preview:large, max-video-preview:-1\" \/>\n<link rel=\"canonical\" href=\"https:\/\/irtugroup.com.tr\/en\/insankaynaklari\/\" \/>\n<script type=\"application\/ld+json\" class=\"yoast-schema-graph\">{\"@context\":\"https:\/\/schema.org\",\"@graph\":[{\"@type\":\"WebPage\",\"@id\":\"https:\/\/irtugroup.com.tr\/insankaynaklari\/\",\"url\":\"https:\/\/irtugroup.com.tr\/insankaynaklari\/\",\"name\":\"\u0130nsan Kaynaklar\u0131 - Irtu Group\",\"isPartOf\":{\"@id\":\"https:\/\/irtugroup.com.tr\/#website\"},\"datePublished\":\"2017-06-12T07:06:30+00:00\",\"dateModified\":\"2025-08-04T08:16:58+00:00\",\"breadcrumb\":{\"@id\":\"https:\/\/irtugroup.com.tr\/insankaynaklari\/#breadcrumb\"},\"inLanguage\":\"en-US\",\"potentialAction\":[{\"@type\":\"ReadAction\",\"target\":[\"https:\/\/irtugroup.com.tr\/insankaynaklari\/\"]}]},{\"@type\":\"BreadcrumbList\",\"@id\":\"https:\/\/irtugroup.com.tr\/insankaynaklari\/#breadcrumb\",\"itemListElement\":[{\"@type\":\"ListItem\",\"position\":1,\"name\":\"Anasayfa\",\"item\":\"https:\/\/irtugroup.com.tr\/\"},{\"@type\":\"ListItem\",\"position\":2,\"name\":\"\u0130nsan Kaynaklar\u0131\"}]},{\"@type\":\"WebSite\",\"@id\":\"https:\/\/irtugroup.com.tr\/#website\",\"url\":\"https:\/\/irtugroup.com.tr\/\",\"name\":\"Irtu Group\",\"description\":\"\",\"publisher\":{\"@id\":\"https:\/\/irtugroup.com.tr\/#organization\"},\"potentialAction\":[{\"@type\":\"SearchAction\",\"target\":{\"@type\":\"EntryPoint\",\"urlTemplate\":\"https:\/\/irtugroup.com.tr\/?s={search_term_string}\"},\"query-input\":\"required name=search_term_string\"}],\"inLanguage\":\"en-US\"},{\"@type\":\"Organization\",\"@id\":\"https:\/\/irtugroup.com.tr\/#organization\",\"name\":\"Irtu Group\",\"url\":\"https:\/\/irtugroup.com.tr\/\",\"logo\":{\"@type\":\"ImageObject\",\"inLanguage\":\"en-US\",\"@id\":\"https:\/\/irtugroup.com.tr\/#\/schema\/logo\/image\/\",\"url\":\"https:\/\/irtugroup.com.tr\/wp-content\/uploads\/2022\/03\/irtu-logo.png\",\"contentUrl\":\"https:\/\/irtugroup.com.tr\/wp-content\/uploads\/2022\/03\/irtu-logo.png\",\"width\":512,\"height\":134,\"caption\":\"Irtu Group\"},\"image\":{\"@id\":\"https:\/\/irtugroup.com.tr\/#\/schema\/logo\/image\/\"},\"sameAs\":[\"https:\/\/www.facebook.com\/irtugrup\/\"]}]}<\/script>\n<!-- \/ Yoast SEO plugin. -->","yoast_head_json":{"title":"\u0130nsan Kaynaklar\u0131 - Irtu Group","robots":{"index":"index","follow":"follow","max-snippet":"max-snippet:-1","max-image-preview":"max-image-preview:large","max-video-preview":"max-video-preview:-1"},"canonical":"https:\/\/irtugroup.com.tr\/en\/insankaynaklari\/","schema":{"@context":"https:\/\/schema.org","@graph":[{"@type":"WebPage","@id":"https:\/\/irtugroup.com.tr\/insankaynaklari\/","url":"https:\/\/irtugroup.com.tr\/insankaynaklari\/","name":"\u0130nsan Kaynaklar\u0131 - Irtu Group","isPartOf":{"@id":"https:\/\/irtugroup.com.tr\/#website"},"datePublished":"2017-06-12T07:06:30+00:00","dateModified":"2025-08-04T08:16:58+00:00","breadcrumb":{"@id":"https:\/\/irtugroup.com.tr\/insankaynaklari\/#breadcrumb"},"inLanguage":"en-US","potentialAction":[{"@type":"ReadAction","target":["https:\/\/irtugroup.com.tr\/insankaynaklari\/"]}]},{"@type":"BreadcrumbList","@id":"https:\/\/irtugroup.com.tr\/insankaynaklari\/#breadcrumb","itemListElement":[{"@type":"ListItem","position":1,"name":"Anasayfa","item":"https:\/\/irtugroup.com.tr\/"},{"@type":"ListItem","position":2,"name":"\u0130nsan Kaynaklar\u0131"}]},{"@type":"WebSite","@id":"https:\/\/irtugroup.com.tr\/#website","url":"https:\/\/irtugroup.com.tr\/","name":"Irtu Group","description":"","publisher":{"@id":"https:\/\/irtugroup.com.tr\/#organization"},"potentialAction":[{"@type":"SearchAction","target":{"@type":"EntryPoint","urlTemplate":"https:\/\/irtugroup.com.tr\/?s={search_term_string}"},"query-input":"required name=search_term_string"}],"inLanguage":"en-US"},{"@type":"Organization","@id":"https:\/\/irtugroup.com.tr\/#organization","name":"Irtu Group","url":"https:\/\/irtugroup.com.tr\/","logo":{"@type":"ImageObject","inLanguage":"en-US","@id":"https:\/\/irtugroup.com.tr\/#\/schema\/logo\/image\/","url":"https:\/\/irtugroup.com.tr\/wp-content\/uploads\/2022\/03\/irtu-logo.png","contentUrl":"https:\/\/irtugroup.com.tr\/wp-content\/uploads\/2022\/03\/irtu-logo.png","width":512,"height":134,"caption":"Irtu Group"},"image":{"@id":"https:\/\/irtugroup.com.tr\/#\/schema\/logo\/image\/"},"sameAs":["https:\/\/www.facebook.com\/irtugrup\/"]}]}},"_links":{"self":[{"href":"https:\/\/irtugroup.com.tr\/en\/wp-json\/wp\/v2\/pages\/531","targetHints":{"allow":["GET"]}}],"collection":[{"href":"https:\/\/irtugroup.com.tr\/en\/wp-json\/wp\/v2\/pages"}],"about":[{"href":"https:\/\/irtugroup.com.tr\/en\/wp-json\/wp\/v2\/types\/page"}],"author":[{"embeddable":true,"href":"https:\/\/irtugroup.com.tr\/en\/wp-json\/wp\/v2\/users\/1"}],"replies":[{"embeddable":true,"href":"https:\/\/irtugroup.com.tr\/en\/wp-json\/wp\/v2\/comments?post=531"}],"version-history":[{"count":30,"href":"https:\/\/irtugroup.com.tr\/en\/wp-json\/wp\/v2\/pages\/531\/revisions"}],"predecessor-version":[{"id":3896,"href":"https:\/\/irtugroup.com.tr\/en\/wp-json\/wp\/v2\/pages\/531\/revisions\/3896"}],"wp:attachment":[{"href":"https:\/\/irtugroup.com.tr\/en\/wp-json\/wp\/v2\/media?parent=531"}],"curies":[{"name":"wp","href":"https:\/\/api.w.org\/{rel}","templated":true}]}}