{"id":301,"date":"2017-06-09T07:52:41","date_gmt":"2017-06-09T04:52:41","guid":{"rendered":"https:\/\/victorthemes.com\/themes\/roof\/?page_id=301"},"modified":"2025-08-04T11:18:41","modified_gmt":"2025-08-04T08:18:41","slug":"hakkimizda","status":"publish","type":"page","link":"https:\/\/irtugroup.com.tr\/en\/hakkimizda\/","title":{"rendered":"About Us"},"content":{"rendered":"<div class=\"vc_row wpb_row vc_row-fluid roof-dhav-dotted\"><div class=\"wpb_column vc_column_container text-left vc_col-sm-12\"><div class=\"vc_column-inner\"><div class=\"wpb_wrapper\">\n\t<div  class=\"wpb_single_image wpb_content_element vc_align_center\">\n\t\t\n\t\t<figure class=\"wpb_wrapper vc_figure\">\n\t\t\t<div class=\"vc_single_image-wrapper   vc_box_border_grey\"><img loading=\"lazy\" decoding=\"async\" class=\"vc_single_image-img\" src=\"https:\/\/irtugroup.com.tr\/wp-content\/uploads\/2025\/08\/WhatsApp-Image-2025-07-31-at-14.06.05-700x500.jpeg\" width=\"700\" height=\"500\" alt=\"WhatsApp Image 2025-07-31 at 14.06.05\" title=\"WhatsApp Image 2025-07-31 at 14.06.05\" \/><\/div>\n\t\t<\/figure>\n\t<\/div>\n<\/div><\/div><\/div><\/div><div class=\"vc_row wpb_row vc_row-fluid roof-dhav-dotted\"><div class=\"wpb_column vc_column_container text-left vc_col-sm-12\"><div class=\"vc_column-inner\"><div class=\"wpb_wrapper\"><div class=\"vc_empty_space\"   style=\"height: 32px\"><span class=\"vc_empty_space_inner\"><\/span><\/div><h2 style=\"text-align: center\" class=\"vc_custom_heading\" >Who Are We<\/h2>\n\t<div class=\"wpb_text_column wpb_content_element  vc_custom_1655745303584\" >\n\t\t<div class=\"wpb_wrapper\">\n\t\t\t<p><span style=\"color: #212121;\">We IRTU Group, as an experienced and solution-oriented company that does not compromise on quality, in the Low and Medium Voltage Electricity sector in which we have been operating since 1995, we continue our activities at the standards that can be preferred worldwide by producing the products that the sector needs.<\/span><\/p>\n<p><span style=\"color: #212121;\">In line with this vision, our first area of expertise, Glass Fiber Reinforced Polyester (BMC), Fireproof (V0) plastic insulators and Polyester Plate (UPGM 203 Glass Fiber Plate) product groups used to support the carrier busbars, as well as brass grounding terminals, distribution units, copper grounding busbars and many other consumables that may be needed at any time, within our own structure.<\/span><\/p>\n<p><span style=\"color: #212121;\">We, as Irtu Group, while documenting  our  quality and fast service perceptive with accepted standards such as CE Certificate, ISO 9001 Quality Management Standards Certificate, we reinforce it with the necessary test documents on product basis.<\/span><\/p>\n\n\t\t<\/div>\n\t<\/div>\n<div class=\"vc_separator wpb_content_element vc_separator_align_center vc_sep_width_100 vc_sep_pos_align_center vc_separator_no_text vc_sep_color_grey\" ><span class=\"vc_sep_holder vc_sep_holder_l\"><span  class=\"vc_sep_line\"><\/span><\/span><span class=\"vc_sep_holder vc_sep_holder_r\"><span  class=\"vc_sep_line\"><\/span><\/span>\n<\/div><\/div><\/div><\/div><\/div><div class=\"vc_row wpb_row vc_row-fluid roof-dhav-dotted\"><div class=\"wpb_column vc_column_container text-center vc_col-sm-6\"><div class=\"vc_column-inner\"><div class=\"wpb_wrapper\"><div class=\"vc_empty_space\"   style=\"height: 50px\"><span class=\"vc_empty_space_inner\"><\/span><\/div><div class=\"roof-services  services-69e1dd644af7e\"><div class=\"service-item\"><div class=\"roof-picture\"><img decoding=\"async\" src=\"https:\/\/irtugroup.com.tr\/wp-content\/uploads\/2022\/05\/handshake-businessmen-1-scaled.jpg\" alt=\"\"><\/div><div class=\"service-info\"><h5 style=\"text-align: center;\"><span style=\"color: #212121;\">Our Mission;<\/span><\/h5>\n<p style=\"text-align: center;\"><span style=\"color: #212121;\">Creating value with our quality, reliability and solution-oriented in the Electromechanical sector<\/span><\/p>\n<\/div><\/div><\/div><\/div><\/div><\/div><div class=\"wpb_column vc_column_container text-center vc_col-sm-6\"><div class=\"vc_column-inner\"><div class=\"wpb_wrapper\"><div class=\"vc_empty_space\"   style=\"height: 50px\"><span class=\"vc_empty_space_inner\"><\/span><\/div><div class=\"roof-services  services-69e1dd644b368\"><div class=\"service-item\"><div class=\"roof-picture\"><img decoding=\"async\" src=\"https:\/\/irtugroup.com.tr\/wp-content\/uploads\/2022\/03\/businessman-with-light-bulb-his-hand-scaled.jpg\" alt=\"\"><\/div><div class=\"service-info\"><h5 style=\"text-align: center;\"><span style=\"color: #212121;\">Our Vision<\/span><\/h5>\n<p style=\"text-align: center;\"><span style=\"color: #212121;\">To be a preferred and followed company worldwide with innovative, entrepreneurial and sustainable activities..<\/span><\/p>\n<\/div><\/div><\/div><\/div><\/div><\/div><\/div><div class=\"vc_row wpb_row vc_row-fluid roof-dhav-dotted\"><div class=\"wpb_column vc_column_container text-left vc_col-sm-12\"><div class=\"vc_column-inner\"><div class=\"wpb_wrapper\"><div class=\"vc_empty_space\"   style=\"height: 50px\"><span class=\"vc_empty_space_inner\"><\/span><\/div><h2 style=\"color: #212121;text-align: center;font-family:Raleway;font-weight:700;font-style:normal\" class=\"vc_custom_heading\" >Why You Should Choose Us?<\/h2><div class=\"vc_empty_space\"   style=\"height: 32px\"><span class=\"vc_empty_space_inner\"><\/span><\/div><p style=\"color: #888888;text-align: left;font-family:Open Sans;font-weight:400;font-style:normal\" class=\"vc_custom_heading\" ><\/p><\/div><\/div><\/div><\/div><div class=\"vc_row wpb_row vc_row-fluid roof-dhav-dotted\"><div class=\"wpb_column vc_column_container text-left vc_col-sm-6\"><div class=\"vc_column-inner\"><div class=\"wpb_wrapper\"><ul class=\"square-bullets  roof-list-69e1dd644bf39\"><li><p style=\"display:inline-block; font-size:16px; color: #212121; font-weight:700; \">We Have Experience;<\/p> We have been serving in the sector since 1995 with our experience and expert team.<\/li><li><p style=\"display:inline-block; font-size:16px; color: #212121; font-weight:700; \">Our Priority is Quality; <\/p> Since our establishment, we have been making a difference in the sector with our product and service quality.<\/li><li><p style=\"display:inline-block; font-size:16px; color: #212121; font-weight:700; \">We Keep Our Standards High; <\/p> We have the related certificates and documents which are acccepted in international standarts.<\/li><\/ul><\/div><\/div><\/div><div class=\"wpb_column vc_column_container text-left vc_col-sm-6\"><div class=\"vc_column-inner\"><div class=\"wpb_wrapper\"><ul class=\"square-bullets  roof-list-69e1dd644c0bc\"><li><p style=\"display:inline-block; font-size:16px; color: #212121; font-weight:700; \">We Have a Solution-Oriented Perspective;<\/p> Our type of manufacturing is according to take into consideration of our customers needs.<\/li><li><p style=\"display:inline-block; font-size:16px; color: #212121; font-weight:700; \">We Have a Customer-Oriented Approach;<\/p> We always consider the expectations of our customers and  we care about communication and sustainability.<\/li><li><p style=\"display:inline-block; font-size:16px; color: #212121; font-weight:700; \"> We Have an Innovative Perspective;<\/p> We carring on our activities by taking as a principle of implementing innovations and improvement in line with necessities of the time.<\/li><\/ul><\/div><\/div><\/div><\/div><div class=\"vc_row wpb_row vc_row-fluid roof-dhav-dotted\"><div class=\"wpb_column vc_column_container text-left vc_col-sm-12\"><div class=\"vc_column-inner\"><div class=\"wpb_wrapper\"><div class=\"vc_empty_space\"   style=\"height: 32px\"><span class=\"vc_empty_space_inner\"><\/span><\/div><\/div><\/div><\/div><\/div><div class=\"vc_row wpb_row vc_row-fluid roof-dhav-dotted\"><div class=\"wpb_column vc_column_container text-left vc_col-sm-12\"><div class=\"vc_column-inner\"><div class=\"wpb_wrapper\"><ul class=\"square-bullets  roof-list-69e1dd644c61e\"><\/ul><\/div><\/div><\/div><\/div>","protected":false},"excerpt":{"rendered":"Biz Kimiz? '\u0130RTU Grup' olarak, 1995 y\u0131l\u0131ndan bu yana faaliyet g\u00f6stermekte oldu\u011fumuz\u00a0 Al\u00e7ak ve Orta Gerilim Elektrik sekt\u00f6r\u00fcnde, kaliteden \u00f6d\u00fcn vermeyen, deneyimli ve \u00e7\u00f6z\u00fcm odakl\u0131 bir firma olarak, sekt\u00f6r\u00fcn ihtiyac\u0131 olan \u00fcr\u00fcnleri \u00fcreterek, d\u00fcnya \u00e7ap\u0131nda tercih edilebilen standartlarda faaliyetlerimize devam ediyoruz Bu vizyon do\u011frultusunda, ilk uzmanl\u0131k alan\u0131m\u0131z olan ta\u015f\u0131y\u0131c\u0131 baralar\u0131 mesnetlemede kullan\u0131lan Cam Elyaf Takviyeli[...]","protected":false},"author":1,"featured_media":0,"parent":0,"menu_order":0,"comment_status":"closed","ping_status":"closed","template":"","meta":{"footnotes":""},"class_list":["post-301","page","type-page","status-publish","hentry"],"yoast_head":"<!-- This site is optimized with the Yoast SEO plugin v20.8 - https:\/\/yoast.com\/wordpress\/plugins\/seo\/ -->\n<title>Hakk\u0131m\u0131zda - Irtu Group<\/title>\n<meta name=\"robots\" content=\"index, follow, max-snippet:-1, max-image-preview:large, max-video-preview:-1\" \/>\n<link rel=\"canonical\" href=\"https:\/\/irtugroup.com.tr\/en\/hakkimizda\/\" \/>\n<script type=\"application\/ld+json\" class=\"yoast-schema-graph\">{\"@context\":\"https:\/\/schema.org\",\"@graph\":[{\"@type\":\"WebPage\",\"@id\":\"https:\/\/irtugroup.com.tr\/hakkimizda\/\",\"url\":\"https:\/\/irtugroup.com.tr\/hakkimizda\/\",\"name\":\"Hakk\u0131m\u0131zda - Irtu Group\",\"isPartOf\":{\"@id\":\"https:\/\/irtugroup.com.tr\/#website\"},\"datePublished\":\"2017-06-09T04:52:41+00:00\",\"dateModified\":\"2025-08-04T08:18:41+00:00\",\"breadcrumb\":{\"@id\":\"https:\/\/irtugroup.com.tr\/hakkimizda\/#breadcrumb\"},\"inLanguage\":\"en-US\",\"potentialAction\":[{\"@type\":\"ReadAction\",\"target\":[\"https:\/\/irtugroup.com.tr\/hakkimizda\/\"]}]},{\"@type\":\"BreadcrumbList\",\"@id\":\"https:\/\/irtugroup.com.tr\/hakkimizda\/#breadcrumb\",\"itemListElement\":[{\"@type\":\"ListItem\",\"position\":1,\"name\":\"Anasayfa\",\"item\":\"https:\/\/irtugroup.com.tr\/\"},{\"@type\":\"ListItem\",\"position\":2,\"name\":\"Hakk\u0131m\u0131zda\"}]},{\"@type\":\"WebSite\",\"@id\":\"https:\/\/irtugroup.com.tr\/#website\",\"url\":\"https:\/\/irtugroup.com.tr\/\",\"name\":\"Irtu Group\",\"description\":\"\",\"publisher\":{\"@id\":\"https:\/\/irtugroup.com.tr\/#organization\"},\"potentialAction\":[{\"@type\":\"SearchAction\",\"target\":{\"@type\":\"EntryPoint\",\"urlTemplate\":\"https:\/\/irtugroup.com.tr\/?s={search_term_string}\"},\"query-input\":\"required name=search_term_string\"}],\"inLanguage\":\"en-US\"},{\"@type\":\"Organization\",\"@id\":\"https:\/\/irtugroup.com.tr\/#organization\",\"name\":\"Irtu Group\",\"url\":\"https:\/\/irtugroup.com.tr\/\",\"logo\":{\"@type\":\"ImageObject\",\"inLanguage\":\"en-US\",\"@id\":\"https:\/\/irtugroup.com.tr\/#\/schema\/logo\/image\/\",\"url\":\"https:\/\/irtugroup.com.tr\/wp-content\/uploads\/2022\/03\/irtu-logo.png\",\"contentUrl\":\"https:\/\/irtugroup.com.tr\/wp-content\/uploads\/2022\/03\/irtu-logo.png\",\"width\":512,\"height\":134,\"caption\":\"Irtu Group\"},\"image\":{\"@id\":\"https:\/\/irtugroup.com.tr\/#\/schema\/logo\/image\/\"},\"sameAs\":[\"https:\/\/www.facebook.com\/irtugrup\/\"]}]}<\/script>\n<!-- \/ Yoast SEO plugin. -->","yoast_head_json":{"title":"Hakk\u0131m\u0131zda - Irtu Group","robots":{"index":"index","follow":"follow","max-snippet":"max-snippet:-1","max-image-preview":"max-image-preview:large","max-video-preview":"max-video-preview:-1"},"canonical":"https:\/\/irtugroup.com.tr\/en\/hakkimizda\/","schema":{"@context":"https:\/\/schema.org","@graph":[{"@type":"WebPage","@id":"https:\/\/irtugroup.com.tr\/hakkimizda\/","url":"https:\/\/irtugroup.com.tr\/hakkimizda\/","name":"Hakk\u0131m\u0131zda - Irtu Group","isPartOf":{"@id":"https:\/\/irtugroup.com.tr\/#website"},"datePublished":"2017-06-09T04:52:41+00:00","dateModified":"2025-08-04T08:18:41+00:00","breadcrumb":{"@id":"https:\/\/irtugroup.com.tr\/hakkimizda\/#breadcrumb"},"inLanguage":"en-US","potentialAction":[{"@type":"ReadAction","target":["https:\/\/irtugroup.com.tr\/hakkimizda\/"]}]},{"@type":"BreadcrumbList","@id":"https:\/\/irtugroup.com.tr\/hakkimizda\/#breadcrumb","itemListElement":[{"@type":"ListItem","position":1,"name":"Anasayfa","item":"https:\/\/irtugroup.com.tr\/"},{"@type":"ListItem","position":2,"name":"Hakk\u0131m\u0131zda"}]},{"@type":"WebSite","@id":"https:\/\/irtugroup.com.tr\/#website","url":"https:\/\/irtugroup.com.tr\/","name":"Irtu Group","description":"","publisher":{"@id":"https:\/\/irtugroup.com.tr\/#organization"},"potentialAction":[{"@type":"SearchAction","target":{"@type":"EntryPoint","urlTemplate":"https:\/\/irtugroup.com.tr\/?s={search_term_string}"},"query-input":"required name=search_term_string"}],"inLanguage":"en-US"},{"@type":"Organization","@id":"https:\/\/irtugroup.com.tr\/#organization","name":"Irtu Group","url":"https:\/\/irtugroup.com.tr\/","logo":{"@type":"ImageObject","inLanguage":"en-US","@id":"https:\/\/irtugroup.com.tr\/#\/schema\/logo\/image\/","url":"https:\/\/irtugroup.com.tr\/wp-content\/uploads\/2022\/03\/irtu-logo.png","contentUrl":"https:\/\/irtugroup.com.tr\/wp-content\/uploads\/2022\/03\/irtu-logo.png","width":512,"height":134,"caption":"Irtu Group"},"image":{"@id":"https:\/\/irtugroup.com.tr\/#\/schema\/logo\/image\/"},"sameAs":["https:\/\/www.facebook.com\/irtugrup\/"]}]}},"_links":{"self":[{"href":"https:\/\/irtugroup.com.tr\/en\/wp-json\/wp\/v2\/pages\/301","targetHints":{"allow":["GET"]}}],"collection":[{"href":"https:\/\/irtugroup.com.tr\/en\/wp-json\/wp\/v2\/pages"}],"about":[{"href":"https:\/\/irtugroup.com.tr\/en\/wp-json\/wp\/v2\/types\/page"}],"author":[{"embeddable":true,"href":"https:\/\/irtugroup.com.tr\/en\/wp-json\/wp\/v2\/users\/1"}],"replies":[{"embeddable":true,"href":"https:\/\/irtugroup.com.tr\/en\/wp-json\/wp\/v2\/comments?post=301"}],"version-history":[{"count":48,"href":"https:\/\/irtugroup.com.tr\/en\/wp-json\/wp\/v2\/pages\/301\/revisions"}],"predecessor-version":[{"id":4357,"href":"https:\/\/irtugroup.com.tr\/en\/wp-json\/wp\/v2\/pages\/301\/revisions\/4357"}],"wp:attachment":[{"href":"https:\/\/irtugroup.com.tr\/en\/wp-json\/wp\/v2\/media?parent=301"}],"curies":[{"name":"wp","href":"https:\/\/api.w.org\/{rel}","templated":true}]}}