{"id":13,"date":"2017-06-08T05:18:21","date_gmt":"2017-06-08T02:18:21","guid":{"rendered":"https:\/\/victorthemes.com\/themes\/roof\/?page_id=13"},"modified":"2026-02-23T16:48:09","modified_gmt":"2026-02-23T13:48:09","slug":"anasayfa","status":"publish","type":"page","link":"https:\/\/irtugroup.com.tr\/en\/","title":{"rendered":"Home"},"content":{"rendered":"<div class=\"vc_row wpb_row vc_row-fluid roof-dhav-dotted\"><div class=\"wpb_column vc_column_container text-left vc_col-sm-12\"><div class=\"vc_column-inner\"><div class=\"wpb_wrapper\">\n\t\t\t<!-- START Slider 3 REVOLUTION SLIDER 6.5.17 --><p class=\"rs-p-wp-fix\"><\/p>\n\t\t\t<rs-module-wrap id=\"rev_slider_3_1_wrapper\" data-source=\"gallery\" style=\"visibility:hidden;background:transparent;padding:0;margin:0px auto;margin-top:0;margin-bottom:0;\">\n\t\t\t\t<rs-module id=\"rev_slider_3_1\" style=\"\" data-version=\"6.5.17\">\n\t\t\t\t\t<rs-slides>\n\t\t\t\t\t\t<rs-slide style=\"position: absolute;\" data-key=\"rs-4\" data-title=\"Slide\" data-in=\"o:0;\" data-out=\"a:false;\">\n\t\t\t\t\t\t\t<img loading=\"lazy\" decoding=\"async\" src=\"\/\/irtugroup.com.tr\/wp-content\/plugins\/revslider\/public\/assets\/assets\/dummy.png\" alt=\"\" title=\"deneme-1\" width=\"1880\" height=\"734\" class=\"rev-slidebg tp-rs-img rs-lazyload\" data-lazyload=\"\/\/irtugroup.com.tr\/wp-content\/uploads\/2022\/07\/deneme-1.jpg\" data-no-retina>\n<!--\n\t\t\t\t\t\t\t--><rs-layer\n\t\t\t\t\t\t\t\tid=\"slider-3-slide-4-layer-1\" \n\t\t\t\t\t\t\t\tdata-type=\"text\"\n\t\t\t\t\t\t\t\tdata-color=\"#fff\"\n\t\t\t\t\t\t\t\tdata-rsp_ch=\"on\"\n\t\t\t\t\t\t\t\tdata-xy=\"x:l,l,l,c;xo:100px,100px,100px,0;y:t,t,t,m;yo:473px,473px,473px,43px;\"\n\t\t\t\t\t\t\t\tdata-text=\"w:normal;s:55,55,55,31;l:65,65,65,37;fw:800;a:left,left,left,center;\"\n\t\t\t\t\t\t\t\tdata-dim=\"w:1574.539px,1574.539px,1574.539px,464px;minh:0px,0px,0px,none;\"\n\t\t\t\t\t\t\t\tdata-tst=\"w:3px,3px,3px,1px;\"\n\t\t\t\t\t\t\t\tdata-border=\"boc:#8e8e93;bow:5px,0,0,0;bor:5px,5px,5px,5px;\"\n\t\t\t\t\t\t\t\tdata-frame_0=\"x:0,0,0,0px;y:-50,-50,-50,-19px;\"\n\t\t\t\t\t\t\t\tdata-frame_1=\"x:0,0,0,0px;y:0,0,0,0px;st:230;sp:1000;sR:230;\"\n\t\t\t\t\t\t\t\tdata-frame_999=\"o:0;st:w;sR:7770;\"\n\t\t\t\t\t\t\t\tstyle=\"z-index:5;font-family:'Poppins';\"\n\t\t\t\t\t\t\t>Partner Of Insulation Solutions <br \/>\n\u00a0&nbsp;<br \/>\n \n\t\t\t\t\t\t\t<\/rs-layer><!--\n-->\t\t\t\t\t\t<\/rs-slide>\n\t\t\t\t\t<\/rs-slides>\n\t\t\t\t<\/rs-module>\n\t\t\t\t<script>\n\t\t\t\t\tsetREVStartSize({c: 'rev_slider_3_1',rl:[1240,1240,1240,480],el:[750,750,750,450],gw:[1920,1920,1920,480],gh:[750,750,750,450],type:'standard',justify:'',layout:'fullwidth',mh:\"0\"});if (window.RS_MODULES!==undefined && window.RS_MODULES.modules!==undefined && window.RS_MODULES.modules[\"revslider31\"]!==undefined) {window.RS_MODULES.modules[\"revslider31\"].once = false;window.revapi3 = undefined;if (window.RS_MODULES.checkMinimal!==undefined) window.RS_MODULES.checkMinimal()}\n\t\t\t\t<\/script>\n\t\t\t<\/rs-module-wrap>\n\t\t\t<!-- END REVOLUTION SLIDER -->\n<\/div><\/div><\/div><\/div><div class=\"vc_row wpb_row vc_row-fluid roof-dhav-dotted\"><div class=\"wpb_column vc_column_container text-left vc_col-sm-12\"><div class=\"vc_column-inner\"><div class=\"wpb_wrapper\"><\/div><\/div><\/div><\/div><div class=\"vc_row wpb_row vc_row-fluid roof-dhav-dotted\"><div class=\"wpb_column vc_column_container text-left vc_col-sm-12\"><div class=\"vc_column-inner\"><div class=\"wpb_wrapper\"><div class=\"vc_empty_space\"   style=\"height: 32px\"><span class=\"vc_empty_space_inner\"><\/span><\/div><div class=\"vc_separator wpb_content_element vc_separator_align_center vc_sep_width_100 vc_sep_pos_align_center vc_sep_color_grey\" ><span class=\"vc_sep_holder vc_sep_holder_l\"><span  class=\"vc_sep_line\"><\/span><\/span><span class=\"vc_sep_holder vc_sep_holder_r\"><span  class=\"vc_sep_line\"><\/span><\/span>\n<\/div>\n\t<div class=\"wpb_text_column wpb_content_element\" >\n\t\t<div class=\"wpb_wrapper\">\n\t\t\t<p style=\"text-align: center;\"><span style=\"font-size: 18px; color: #212121;\">We IRTU Group, as an experienced and solution-oriented company that does not compromise on quality, in the Low and Medium Voltage Electricity sector in which we have been operating since 1995, we continue our activities at the standards that can be preferred worldwide by producing the products that the sector needs.<\/span><\/p>\n<p style=\"text-align: center;\"><span style=\"font-size: 18px; color: #212121;\">In line with this vision, our first area of expertise, Glass Fiber Reinforced Polyester (BMC), Fireproof (V0) plastic insulators and Polyester Plate (UPGM 203 Glass Fiber Plate) product groups used to support the carrier busbars, as well as brass grounding terminals, distribution units, copper grounding busbars and many other consumables that may be needed at any time, within our own structure.<\/span><\/p>\n<p style=\"text-align: center;\"><span style=\"font-size: 18px; color: #212121;\">We, as Irtu Group, while documenting  our  quality and fast service perceptive with accepted standards such as CE Certificate, ISO 9001 Quality Management Standards Certificate, we reinforce it with the necessary test documents on product basis.<\/span><\/p>\n\n\t\t<\/div>\n\t<\/div>\n<div class=\"vc_separator wpb_content_element vc_separator_align_center vc_sep_width_100 vc_sep_pos_align_center vc_sep_color_grey\" ><span class=\"vc_sep_holder vc_sep_holder_l\"><span  class=\"vc_sep_line\"><\/span><\/span><span class=\"vc_sep_holder vc_sep_holder_r\"><span  class=\"vc_sep_line\"><\/span><\/span>\n<\/div><\/div><\/div><\/div><\/div><div class=\"vc_row wpb_row vc_row-fluid roof-dhav-dotted vc_custom_1497422400184\"><div class=\"wpb_column vc_column_container text-left vc_col-sm-12 vc_col-has-fill\"><div class=\"vc_column-inner vc_custom_1659539356879\"><div class=\"wpb_wrapper\">\n\t<div class=\"wpb_text_column wpb_content_element\" >\n\t\t<div class=\"wpb_wrapper\">\n\t\t\t<h2 style=\"text-align: center;\"><span style=\"color: #212121;\">News From Us<\/span><\/h2>\n\n\t\t<\/div>\n\t<\/div>\n\n\t<div class=\"wpb_text_column wpb_content_element\" >\n\t\t<div class=\"wpb_wrapper\">\n\t\t\t<p style=\"text-align: center;\"><span style=\"color: #212121; font-size: 18px;\">You can follow our newsletter to be informed about Irtu Group.<\/span><\/p>\n\n\t\t<\/div>\n\t<\/div>\n<div class=\"vc_empty_space\"   style=\"height: 32px\"><span class=\"vc_empty_space_inner\"><\/span><\/div>\n    <!-- Blog Start -->\n    <div class=\"roof-news row  roof-news-69e1ce23d588a h1 { border: 5px solid red; } h2 { border: 4px dotted blue; } div { border: double; }\">\n\n            <div class=\"col-md-4 col-sm-6\">\n        <div class=\"news-item\">\n                  <div class=\"roof-picture\">\n            <a href=\"https:\/\/irtugroup.com.tr\/en\/2026\/02\/23\/2023-irtu-urun-katalogu\/\"><img decoding=\"async\" src=\"https:\/\/irtugroup.com.tr\/wp-content\/uploads\/2026\/02\/irtu-2026-kapak-banner-370x230.jpg\" alt=\"2026 IRTU \u00fcr\u00fcn katalo\u011fu\" \/><\/a>          <\/div>\n                    <div class=\"news-info\">\n            <h6 class=\"news-meta\"><i class=\"fa fa-clock-o\" aria-hidden=\"true\"><\/i>23 February 2026<\/h6>\n            <h5 class=\"news-title\"><a href=\"https:\/\/irtugroup.com.tr\/en\/2026\/02\/23\/2023-irtu-urun-katalogu\/\">2026 IRTU \u00fcr\u00fcn katalo\u011fu<\/a><\/h5>\n                        <div class=\"read-more\"><a href=\"https:\/\/irtugroup.com.tr\/en\/2026\/02\/23\/2023-irtu-urun-katalogu\/\" class=\"roof-btn roof-btn-small roof-btn-gray\">Read More<\/a><\/div>\n          <\/div>\n        <\/div>\n      <\/div>\n\n            <div class=\"col-md-4 col-sm-6\">\n        <div class=\"news-item\">\n                  <div class=\"roof-picture\">\n            <a href=\"https:\/\/irtugroup.com.tr\/en\/2023\/09\/16\/bara-mesnet-izolatoru-cesitleri\/\"><img decoding=\"async\" src=\"https:\/\/irtugroup.com.tr\/wp-content\/uploads\/2023\/09\/baramesnetizolatoru-370x230.jpg\" alt=\"Bara Mesnet \u0130zolat\u00f6r\u00fc \u00c7e\u015fitleri\" \/><\/a>          <\/div>\n                    <div class=\"news-info\">\n            <h6 class=\"news-meta\"><i class=\"fa fa-clock-o\" aria-hidden=\"true\"><\/i>16 September 2023<\/h6>\n            <h5 class=\"news-title\"><a href=\"https:\/\/irtugroup.com.tr\/en\/2023\/09\/16\/bara-mesnet-izolatoru-cesitleri\/\">Types Of Busbar Support Insulators<\/a><\/h5>\n                        <div class=\"read-more\"><a href=\"https:\/\/irtugroup.com.tr\/en\/2023\/09\/16\/bara-mesnet-izolatoru-cesitleri\/\" class=\"roof-btn roof-btn-small roof-btn-gray\">Read More<\/a><\/div>\n          <\/div>\n        <\/div>\n      <\/div>\n\n            <div class=\"col-md-4 col-sm-6\">\n        <div class=\"news-item\">\n                  <div class=\"roof-picture\">\n            <a href=\"https:\/\/irtugroup.com.tr\/en\/2023\/09\/16\/asdasdasdasda\/\"><img decoding=\"async\" src=\"https:\/\/irtugroup.com.tr\/wp-content\/uploads\/2022\/05\/3x1fn-turuncu-370x230.jpg\" alt=\"Bara Mesnet \u0130zolat\u00f6r\u00fc\" \/><\/a>          <\/div>\n                    <div class=\"news-info\">\n            <h6 class=\"news-meta\"><i class=\"fa fa-clock-o\" aria-hidden=\"true\"><\/i>16 September 2023<\/h6>\n            <h5 class=\"news-title\"><a href=\"https:\/\/irtugroup.com.tr\/en\/2023\/09\/16\/asdasdasdasda\/\">Busbar Support Insulators<\/a><\/h5>\n                        <div class=\"read-more\"><a href=\"https:\/\/irtugroup.com.tr\/en\/2023\/09\/16\/asdasdasdasda\/\" class=\"roof-btn roof-btn-small roof-btn-gray\">Read More<\/a><\/div>\n          <\/div>\n        <\/div>\n      <\/div>\n\n      \n    <\/div>\n    <!-- Blog End -->\n\n    <\/div><\/div><\/div><\/div><div data-vc-full-width=\"true\" data-vc-full-width-init=\"false\" data-vc-parallax=\"3\" data-vc-parallax-image=\"https:\/\/irtugroup.com.tr\/wp-content\/uploads\/2022\/06\/male-electrician-works-switchboard-with-electrical-connecting-cable-scaled.jpg\" class=\"vc_row wpb_row vc_row-fluid roof-dhav-dotted vc_custom_1655393335840 vc_row-has-fill vc_general vc_parallax vc_parallax-content-moving\"><div class=\"roof-overlay-pattern\" style=\"background-color:rgba(10,10,10,0.64);\"><\/div><div class=\"wpb_column vc_column_container text-left vc_col-sm-12\"><div class=\"vc_column-inner\"><div class=\"wpb_wrapper\"><div class=\"col-md-6 container  parallax-69e1ce23daa0f\"><h2 class=\"quote-title\">Creating value with our quality, reliability and solution-oriented perspective in Electromechanical sector<\/h2><\/div><\/div><\/div><\/div><\/div><div class=\"vc_row-full-width vc_clearfix\"><\/div><div class=\"vc_row wpb_row vc_row-fluid roof-dhav-dotted vc_custom_1649108980009\"><div class=\"wpb_column vc_column_container text-left vc_col-sm-12\"><div class=\"vc_column-inner vc_custom_1497421005684\"><div class=\"wpb_wrapper\"><div class=\"vc_empty_space\"   style=\"height: 32px\"><span class=\"vc_empty_space_inner\"><\/span><\/div><h2 style=\"font-size: 28px;color: #212121;text-align: center;font-family:Raleway;font-weight:700;font-style:normal\" class=\"vc_custom_heading vc_custom_1655745163247\" >Our Values<\/h2><div class=\"vc_separator wpb_content_element vc_separator_align_center vc_sep_width_100 vc_sep_border_width_2 vc_sep_pos_align_center vc_separator_no_text vc_sep_color_grey\" ><span class=\"vc_sep_holder vc_sep_holder_l\"><span  class=\"vc_sep_line\"><\/span><\/span><span class=\"vc_sep_holder vc_sep_holder_r\"><span  class=\"vc_sep_line\"><\/span><\/span>\n<\/div><\/div><\/div><\/div><\/div><div class=\"vc_row wpb_row vc_row-fluid roof-dhav-dotted\"><div class=\"wpb_column vc_column_container text-center vc_col-sm-4\"><div class=\"vc_column-inner vc_custom_1679913939292\"><div class=\"wpb_wrapper\"><div class=\"roof-certifications certifications-style-one  certification-69e1ce23dba99\"><div class=\"certification-item\"><div class=\"roof-icon\"><img decoding=\"async\" src=\"https:\/\/irtugroup.com.tr\/wp-content\/uploads\/2022\/03\/115778-e1647849312465.png\" alt=\"\"><\/div><div class=\"certification-info\"><h3 style=\"padding-top: 10px; text-align: left;\"><span style=\"font-size: 22px; color: #212121; font-weight: 400;\">Quality<\/span><\/h3>\n<\/div><\/div><\/div><div class=\"vc_separator wpb_content_element vc_separator_align_center vc_sep_width_80 vc_sep_pos_align_left vc_separator_no_text vc_sep_color_grey\" ><span class=\"vc_sep_holder vc_sep_holder_l\"><span  class=\"vc_sep_line\"><\/span><\/span><span class=\"vc_sep_holder vc_sep_holder_r\"><span  class=\"vc_sep_line\"><\/span><\/span>\n<\/div><div class=\"roof-certifications certifications-style-one  certification-69e1ce23dc007\"><div class=\"certification-item\"><div class=\"roof-icon\"><img decoding=\"async\" src=\"https:\/\/irtugroup.com.tr\/wp-content\/uploads\/2022\/03\/indir-2-e1647849727928.png\" alt=\"\"><\/div><div class=\"certification-info\"><h3 style=\"text-align: left; font-size: 22px; font-weight: 400;\"><span style=\"color: #212121;\">Productivity<\/span><\/h3>\n<\/div><\/div><\/div><div class=\"vc_separator wpb_content_element vc_separator_align_center vc_sep_width_80 vc_sep_pos_align_left vc_separator_no_text vc_sep_color_grey\" ><span class=\"vc_sep_holder vc_sep_holder_l\"><span  class=\"vc_sep_line\"><\/span><\/span><span class=\"vc_sep_holder vc_sep_holder_r\"><span  class=\"vc_sep_line\"><\/span><\/span>\n<\/div><\/div><\/div><\/div><div class=\"wpb_column vc_column_container text-left vc_col-sm-4\"><div class=\"vc_column-inner vc_custom_1679913951211\"><div class=\"wpb_wrapper\"><div class=\"roof-certifications certifications-style-one  certification-69e1ce23dc607\"><div class=\"certification-item\"><div class=\"roof-icon\"><img decoding=\"async\" src=\"https:\/\/irtugroup.com.tr\/wp-content\/uploads\/2022\/03\/indir-1-e1647849441302.png\" alt=\"\"><\/div><div class=\"certification-info\"><h3 style=\"text-align: left; padding-top: 10px; font-weight: 400; font-size: 22px;\"><span style=\"color: #212121;\">Trustworthiness<\/span><\/h3>\n<\/div><\/div><\/div><div class=\"vc_separator wpb_content_element vc_separator_align_center vc_sep_width_80 vc_sep_pos_align_left vc_separator_no_text vc_sep_color_grey\" ><span class=\"vc_sep_holder vc_sep_holder_l\"><span  class=\"vc_sep_line\"><\/span><\/span><span class=\"vc_sep_holder vc_sep_holder_r\"><span  class=\"vc_sep_line\"><\/span><\/span>\n<\/div><div class=\"roof-certifications certifications-style-one  certification-69e1ce23dc9e8\"><div class=\"certification-item\"><div class=\"roof-icon\"><img decoding=\"async\" src=\"https:\/\/irtugroup.com.tr\/wp-content\/uploads\/2022\/03\/2752481-e1647849801142.png\" alt=\"\"><\/div><div class=\"certification-info\"><h3 style=\"text-align: left; font-size: 22px; font-weight: 400;\"><span style=\"color: #212121;\">Solution-Oriented<\/span><\/h3>\n<\/div><\/div><\/div><div class=\"vc_separator wpb_content_element vc_separator_align_center vc_sep_width_80 vc_sep_pos_align_left vc_separator_no_text vc_sep_color_grey\" ><span class=\"vc_sep_holder vc_sep_holder_l\"><span  class=\"vc_sep_line\"><\/span><\/span><span class=\"vc_sep_holder vc_sep_holder_r\"><span  class=\"vc_sep_line\"><\/span><\/span>\n<\/div><\/div><\/div><\/div><div class=\"wpb_column vc_column_container text-left vc_col-sm-4\"><div class=\"vc_column-inner vc_custom_1679913963620\"><div class=\"wpb_wrapper\"><div class=\"roof-certifications certifications-style-one  certification-69e1ce23dcf6e\"><div class=\"certification-item\"><div class=\"roof-icon\"><img decoding=\"async\" src=\"https:\/\/irtugroup.com.tr\/wp-content\/uploads\/2022\/03\/912278-e1647849615504.png\" alt=\"\"><\/div><div class=\"certification-info\"><h3 style=\"text-align: left; padding-top: 10px; font-size: 22px; font-weight: 400;\"><span style=\"color: #212121;\">Innovative<\/span><\/h3>\n<\/div><\/div><\/div><div class=\"vc_separator wpb_content_element vc_separator_align_center vc_sep_width_80 vc_sep_pos_align_left vc_separator_no_text vc_sep_color_grey\" ><span class=\"vc_sep_holder vc_sep_holder_l\"><span  class=\"vc_sep_line\"><\/span><\/span><span class=\"vc_sep_holder vc_sep_holder_r\"><span  class=\"vc_sep_line\"><\/span><\/span>\n<\/div><div class=\"roof-certifications certifications-style-one  certification-69e1ce23dd247\"><div class=\"certification-item\"><div class=\"roof-icon\"><img decoding=\"async\" src=\"https:\/\/irtugroup.com.tr\/wp-content\/uploads\/2022\/03\/3391797-e1647849879887.png\" alt=\"\"><\/div><div class=\"certification-info\"><h3 style=\"text-align: left; font-weight: 400; font-size: 22px;\"><span style=\"color: #212121;\">Cooperation<\/span><\/h3>\n<\/div><\/div><\/div><div class=\"vc_separator wpb_content_element vc_separator_align_center vc_sep_width_80 vc_sep_pos_align_left vc_separator_no_text vc_sep_color_grey\" ><span class=\"vc_sep_holder vc_sep_holder_l\"><span  class=\"vc_sep_line\"><\/span><\/span><span class=\"vc_sep_holder vc_sep_holder_r\"><span  class=\"vc_sep_line\"><\/span><\/span>\n<\/div><\/div><\/div><\/div><\/div><div data-vc-full-width=\"true\" data-vc-full-width-init=\"false\" data-vc-stretch-content=\"true\" data-vc-parallax=\"3\" class=\"vc_row wpb_row vc_row-fluid roof-dhav-dotted vc_custom_1677075408941 vc_row-has-fill vc_row-no-padding vc_general vc_parallax vc_parallax-content-moving\"><div class=\"wpb_column vc_column_container text-left vc_col-sm-12\"><div class=\"vc_column-inner vc_custom_1659524571330\"><div class=\"wpb_wrapper\"><h2 style=\"color: #ffffff;text-align: center;font-family:Source Sans Pro;font-weight:600;font-style:normal\" class=\"vc_custom_heading\" >Our Group Companies<\/h2><div class=\"vc_empty_space\"   style=\"height: 32px\"><span class=\"vc_empty_space_inner\"><\/span><\/div>\n    <div class=\"roof-testimonial  roof-parallax  roof-testi-carousel-69e1ce23ddab9\" data-parallax-background-ratio=\".5\">\n    <div class=\"container\">\n      <!-- Testimonial Starts -->\n            <div class=\"roof-container\">\n        <div class=\"carousel slide\" data-ride=\"carousel\" id=\"quote-carousel\">\n          <div class=\"carousel-inner\">\n            <div class=\"carousel-item item  active\">\n        <p><span style=\"color: #ffffff;\">Netsa Elektromekanik carries out the sales and marketing management of Irtu brand products in Turkey, as well as the supply and sale of dashboard consumables products.<\/span><\/p>\n<p><img loading=\"lazy\" decoding=\"async\" class=\"alignnone size-full wp-image-3916\" src=\"http:\/\/irtu.com.tr\/wp-content\/uploads\/2017\/06\/netsa-logo-border.png\" alt=\"\" width=\"250\" height=\"50\" srcset=\"https:\/\/irtugroup.com.tr\/wp-content\/uploads\/2017\/06\/netsa-logo-border.png 250w, https:\/\/irtugroup.com.tr\/wp-content\/uploads\/2017\/06\/netsa-logo-border-18x4.png 18w\" sizes=\"auto, (max-width: 250px) 100vw, 250px\" \/><\/p>\n        <h5 class=\"quote-client\"><\/h5>\n      <\/div>\n          <div class=\"carousel-item item\">\n        <p><span style=\"color: #ffffff;\">In addition to the design and engineering works that it does specifically for its customers, Inovatif Electronics also performs services such as production, service consulting, process and quality engineering holistically.<\/span><\/p>\n<p><img loading=\"lazy\" decoding=\"async\" class=\"alignnone size-full wp-image-3923\" src=\"http:\/\/irtu.com.tr\/wp-content\/uploads\/2017\/06\/inovatif-logo-border-sn.png\" alt=\"\" width=\"250\" height=\"50\" srcset=\"https:\/\/irtugroup.com.tr\/wp-content\/uploads\/2017\/06\/inovatif-logo-border-sn.png 250w, https:\/\/irtugroup.com.tr\/wp-content\/uploads\/2017\/06\/inovatif-logo-border-sn-18x4.png 18w\" sizes=\"auto, (max-width: 250px) 100vw, 250px\" \/><\/p>\n        <h5 class=\"quote-client\"><\/h5>\n      <\/div>\n    \n  <\/div>\n    \n      <ol class=\"carousel-indicators\">\n                          <li id=\"indicator-0\" data-target=\"#quote-carousel\" data-slide-to=\"0\">\n                      <\/li>\n\n                  <li id=\"indicator-1\" data-target=\"#quote-carousel\" data-slide-to=\"1\">\n                      <\/li>\n\n              <\/ol>\n\n\n    <\/div>\n\n      <\/div>\n  <\/div>\n  <a data-slide=\"prev\" href=\"#quote-carousel\" class=\"left carousel-control\"><i class=\"fa fa-angle-left\" aria-hidden=\"true\"><\/i><\/a>\n  <a data-slide=\"next\" href=\"#quote-carousel\" class=\"right carousel-control\"><i class=\"fa fa-angle-right\" aria-hidden=\"true\"><\/i><\/a>\n<\/div>\n  <!-- Testimonial End -->\n\n<div class=\"vc_empty_space\"   style=\"height: 32px\"><span class=\"vc_empty_space_inner\"><\/span><\/div><\/div><\/div><\/div><\/div><div class=\"vc_row-full-width vc_clearfix\"><\/div>","protected":false},"excerpt":{"rendered":"In addition to the design and engineering works that it does specifically for its customers, Inovatif Electronics also performs services such as production, service consulting, process and quality engineering holistically.","protected":false},"author":1,"featured_media":0,"parent":0,"menu_order":0,"comment_status":"closed","ping_status":"closed","template":"","meta":{"footnotes":""},"class_list":["post-13","page","type-page","status-publish","hentry"],"yoast_head":"<!-- This site is optimized with the Yoast SEO plugin v20.8 - https:\/\/yoast.com\/wordpress\/plugins\/seo\/ -->\n<title>Anasayfa - Irtu Group<\/title>\n<meta name=\"robots\" content=\"index, follow, max-snippet:-1, max-image-preview:large, max-video-preview:-1\" \/>\n<link rel=\"canonical\" href=\"https:\/\/irtugroup.com.tr\/en\/\" \/>\n<script type=\"application\/ld+json\" class=\"yoast-schema-graph\">{\"@context\":\"https:\/\/schema.org\",\"@graph\":[{\"@type\":\"WebPage\",\"@id\":\"https:\/\/irtugroup.com.tr\/\",\"url\":\"https:\/\/irtugroup.com.tr\/\",\"name\":\"Anasayfa - Irtu Group\",\"isPartOf\":{\"@id\":\"https:\/\/irtugroup.com.tr\/#website\"},\"datePublished\":\"2017-06-08T02:18:21+00:00\",\"dateModified\":\"2026-02-23T13:48:09+00:00\",\"breadcrumb\":{\"@id\":\"https:\/\/irtugroup.com.tr\/#breadcrumb\"},\"inLanguage\":\"en-US\",\"potentialAction\":[{\"@type\":\"ReadAction\",\"target\":[\"https:\/\/irtugroup.com.tr\/\"]}]},{\"@type\":\"BreadcrumbList\",\"@id\":\"https:\/\/irtugroup.com.tr\/#breadcrumb\",\"itemListElement\":[{\"@type\":\"ListItem\",\"position\":1,\"name\":\"Anasayfa\",\"item\":\"https:\/\/irtugroup.com.tr\/\"},{\"@type\":\"ListItem\",\"position\":2,\"name\":\"Anasayfa\"}]},{\"@type\":\"WebSite\",\"@id\":\"https:\/\/irtugroup.com.tr\/#website\",\"url\":\"https:\/\/irtugroup.com.tr\/\",\"name\":\"Irtu Group\",\"description\":\"\",\"publisher\":{\"@id\":\"https:\/\/irtugroup.com.tr\/#organization\"},\"potentialAction\":[{\"@type\":\"SearchAction\",\"target\":{\"@type\":\"EntryPoint\",\"urlTemplate\":\"https:\/\/irtugroup.com.tr\/?s={search_term_string}\"},\"query-input\":\"required name=search_term_string\"}],\"inLanguage\":\"en-US\"},{\"@type\":\"Organization\",\"@id\":\"https:\/\/irtugroup.com.tr\/#organization\",\"name\":\"Irtu Group\",\"url\":\"https:\/\/irtugroup.com.tr\/\",\"logo\":{\"@type\":\"ImageObject\",\"inLanguage\":\"en-US\",\"@id\":\"https:\/\/irtugroup.com.tr\/#\/schema\/logo\/image\/\",\"url\":\"https:\/\/irtugroup.com.tr\/wp-content\/uploads\/2022\/03\/irtu-logo.png\",\"contentUrl\":\"https:\/\/irtugroup.com.tr\/wp-content\/uploads\/2022\/03\/irtu-logo.png\",\"width\":512,\"height\":134,\"caption\":\"Irtu Group\"},\"image\":{\"@id\":\"https:\/\/irtugroup.com.tr\/#\/schema\/logo\/image\/\"},\"sameAs\":[\"https:\/\/www.facebook.com\/irtugrup\/\"]}]}<\/script>\n<!-- \/ Yoast SEO plugin. -->","yoast_head_json":{"title":"Anasayfa - Irtu Group","robots":{"index":"index","follow":"follow","max-snippet":"max-snippet:-1","max-image-preview":"max-image-preview:large","max-video-preview":"max-video-preview:-1"},"canonical":"https:\/\/irtugroup.com.tr\/en\/","schema":{"@context":"https:\/\/schema.org","@graph":[{"@type":"WebPage","@id":"https:\/\/irtugroup.com.tr\/","url":"https:\/\/irtugroup.com.tr\/","name":"Anasayfa - Irtu Group","isPartOf":{"@id":"https:\/\/irtugroup.com.tr\/#website"},"datePublished":"2017-06-08T02:18:21+00:00","dateModified":"2026-02-23T13:48:09+00:00","breadcrumb":{"@id":"https:\/\/irtugroup.com.tr\/#breadcrumb"},"inLanguage":"en-US","potentialAction":[{"@type":"ReadAction","target":["https:\/\/irtugroup.com.tr\/"]}]},{"@type":"BreadcrumbList","@id":"https:\/\/irtugroup.com.tr\/#breadcrumb","itemListElement":[{"@type":"ListItem","position":1,"name":"Anasayfa","item":"https:\/\/irtugroup.com.tr\/"},{"@type":"ListItem","position":2,"name":"Anasayfa"}]},{"@type":"WebSite","@id":"https:\/\/irtugroup.com.tr\/#website","url":"https:\/\/irtugroup.com.tr\/","name":"Irtu Group","description":"","publisher":{"@id":"https:\/\/irtugroup.com.tr\/#organization"},"potentialAction":[{"@type":"SearchAction","target":{"@type":"EntryPoint","urlTemplate":"https:\/\/irtugroup.com.tr\/?s={search_term_string}"},"query-input":"required name=search_term_string"}],"inLanguage":"en-US"},{"@type":"Organization","@id":"https:\/\/irtugroup.com.tr\/#organization","name":"Irtu Group","url":"https:\/\/irtugroup.com.tr\/","logo":{"@type":"ImageObject","inLanguage":"en-US","@id":"https:\/\/irtugroup.com.tr\/#\/schema\/logo\/image\/","url":"https:\/\/irtugroup.com.tr\/wp-content\/uploads\/2022\/03\/irtu-logo.png","contentUrl":"https:\/\/irtugroup.com.tr\/wp-content\/uploads\/2022\/03\/irtu-logo.png","width":512,"height":134,"caption":"Irtu Group"},"image":{"@id":"https:\/\/irtugroup.com.tr\/#\/schema\/logo\/image\/"},"sameAs":["https:\/\/www.facebook.com\/irtugrup\/"]}]}},"_links":{"self":[{"href":"https:\/\/irtugroup.com.tr\/en\/wp-json\/wp\/v2\/pages\/13","targetHints":{"allow":["GET"]}}],"collection":[{"href":"https:\/\/irtugroup.com.tr\/en\/wp-json\/wp\/v2\/pages"}],"about":[{"href":"https:\/\/irtugroup.com.tr\/en\/wp-json\/wp\/v2\/types\/page"}],"author":[{"embeddable":true,"href":"https:\/\/irtugroup.com.tr\/en\/wp-json\/wp\/v2\/users\/1"}],"replies":[{"embeddable":true,"href":"https:\/\/irtugroup.com.tr\/en\/wp-json\/wp\/v2\/comments?post=13"}],"version-history":[{"count":168,"href":"https:\/\/irtugroup.com.tr\/en\/wp-json\/wp\/v2\/pages\/13\/revisions"}],"predecessor-version":[{"id":4379,"href":"https:\/\/irtugroup.com.tr\/en\/wp-json\/wp\/v2\/pages\/13\/revisions\/4379"}],"wp:attachment":[{"href":"https:\/\/irtugroup.com.tr\/en\/wp-json\/wp\/v2\/media?parent=13"}],"curies":[{"name":"wp","href":"https:\/\/api.w.org\/{rel}","templated":true}]}}